{"id":10,"date":"2018-01-15T08:00:54","date_gmt":"2018-01-15T07:00:54","guid":{"rendered":"http:\/\/www.escorpain.fr\/?page_id=10"},"modified":"2024-09-23T09:44:25","modified_gmt":"2024-09-23T07:44:25","slug":"comite-des-fetes","status":"publish","type":"page","link":"https:\/\/www.escorpain.fr\/?page_id=10","title":{"rendered":"Comit\u00e9 des f\u00eates"},"content":{"rendered":"\n<h2 class=\"wp-block-heading\">Contactez nous <a href=\"https:\/\/www.escorpain.fr\/?page_id=8831\" target=\"_blank\" rel=\"noreferrer noopener\">ici<\/a><\/h2>\n\n\n<div class=\"wp-block-image\">\n<figure class=\"aligncenter size-full\"><img loading=\"lazy\" decoding=\"async\" width=\"321\" height=\"158\" src=\"https:\/\/www.escorpain.fr\/wp-content\/uploads\/2023\/12\/image-5.png\" alt=\"\" class=\"wp-image-8616\" srcset=\"https:\/\/www.escorpain.fr\/wp-content\/uploads\/2023\/12\/image-5.png 321w, https:\/\/www.escorpain.fr\/wp-content\/uploads\/2023\/12\/image-5-300x148.png 300w\" sizes=\"auto, (max-width: 321px) 100vw, 321px\" \/><\/figure>\n<\/div>\n\n\n<hr class=\"wp-block-separator has-alpha-channel-opacity\"\/>\n\n\n\n<h2 class=\"wp-block-heading\">Vide grenier du 11 juin 2023<\/h2>\n\n\n\n<p><strong>Le tarif&nbsp;: 3\u20ac le m\u00e8tre lin\u00e9aire<\/strong><\/p>\n\n\n\n<p><strong>Contacts pour renseignement et\/ou inscriptions:<\/strong><\/p>\n\n\n\n<p><strong>Mme chassa Fran\u00e7oise 06.50.91 .69.78 Mme Lelard Sylvie 06.87.07.35.15<\/strong><\/p>\n\n\n\n<figure class=\"wp-block-gallery has-nested-images columns-default is-cropped wp-block-gallery-1 is-layout-flex wp-block-gallery-is-layout-flex\">\n<figure class=\"wp-block-image size-large\"><a href=\"https:\/\/www.escorpain.fr\/wp-content\/uploads\/2023\/05\/20230522_184109-scaled.jpg\" target=\"_blank\" rel=\"noreferrer noopener\"><img loading=\"lazy\" decoding=\"async\" width=\"462\" height=\"1024\" data-id=\"7819\" src=\"https:\/\/www.escorpain.fr\/wp-content\/uploads\/2023\/05\/20230522_184109-462x1024.jpg\" alt=\"\" class=\"wp-image-7819\" srcset=\"https:\/\/www.escorpain.fr\/wp-content\/uploads\/2023\/05\/20230522_184109-462x1024.jpg 462w, https:\/\/www.escorpain.fr\/wp-content\/uploads\/2023\/05\/20230522_184109-135x300.jpg 135w, https:\/\/www.escorpain.fr\/wp-content\/uploads\/2023\/05\/20230522_184109-768x1704.jpg 768w, https:\/\/www.escorpain.fr\/wp-content\/uploads\/2023\/05\/20230522_184109-692x1536.jpg 692w, https:\/\/www.escorpain.fr\/wp-content\/uploads\/2023\/05\/20230522_184109-923x2048.jpg 923w, https:\/\/www.escorpain.fr\/wp-content\/uploads\/2023\/05\/20230522_184109-scaled.jpg 1154w\" sizes=\"auto, (max-width: 462px) 100vw, 462px\" \/><\/a><\/figure>\n\n\n\n<figure class=\"wp-block-image size-large\"><a href=\"https:\/\/www.escorpain.fr\/wp-content\/uploads\/2023\/05\/20230522_185202-scaled.jpg\" target=\"_blank\" rel=\"noreferrer noopener\"><img loading=\"lazy\" decoding=\"async\" width=\"1024\" height=\"462\" data-id=\"7818\" src=\"https:\/\/www.escorpain.fr\/wp-content\/uploads\/2023\/05\/20230522_185202-1024x462.jpg\" alt=\"\" class=\"wp-image-7818\" srcset=\"https:\/\/www.escorpain.fr\/wp-content\/uploads\/2023\/05\/20230522_185202-1024x462.jpg 1024w, https:\/\/www.escorpain.fr\/wp-content\/uploads\/2023\/05\/20230522_185202-300x135.jpg 300w, https:\/\/www.escorpain.fr\/wp-content\/uploads\/2023\/05\/20230522_185202-768x346.jpg 768w, https:\/\/www.escorpain.fr\/wp-content\/uploads\/2023\/05\/20230522_185202-1536x692.jpg 1536w, https:\/\/www.escorpain.fr\/wp-content\/uploads\/2023\/05\/20230522_185202-2048x923.jpg 2048w\" sizes=\"auto, (max-width: 1024px) 100vw, 1024px\" \/><\/a><\/figure>\n\n\n\n<figure class=\"wp-block-image size-large\"><a href=\"https:\/\/www.escorpain.fr\/wp-content\/uploads\/2023\/05\/20230522_185148-scaled.jpg\" target=\"_blank\" rel=\"noreferrer noopener\"><img loading=\"lazy\" decoding=\"async\" width=\"1024\" height=\"462\" data-id=\"7817\" src=\"https:\/\/www.escorpain.fr\/wp-content\/uploads\/2023\/05\/20230522_185148-1024x462.jpg\" alt=\"\" class=\"wp-image-7817\" srcset=\"https:\/\/www.escorpain.fr\/wp-content\/uploads\/2023\/05\/20230522_185148-1024x462.jpg 1024w, https:\/\/www.escorpain.fr\/wp-content\/uploads\/2023\/05\/20230522_185148-300x135.jpg 300w, https:\/\/www.escorpain.fr\/wp-content\/uploads\/2023\/05\/20230522_185148-768x346.jpg 768w, https:\/\/www.escorpain.fr\/wp-content\/uploads\/2023\/05\/20230522_185148-1536x692.jpg 1536w, https:\/\/www.escorpain.fr\/wp-content\/uploads\/2023\/05\/20230522_185148-2048x923.jpg 2048w\" sizes=\"auto, (max-width: 1024px) 100vw, 1024px\" \/><\/a><\/figure>\n<\/figure>\n\n\n\n<h2 class=\"wp-block-heading\">Chasse aux \u0153ufs pour le enfants du village<\/h2>\n\n\n\n<h2 class=\"wp-block-heading\">Rendez-vous \u00e0 la mairie lundi \u00e0 10 heures<\/h2>\n\n\n\n<figure class=\"wp-block-image size-full\"><img loading=\"lazy\" decoding=\"async\" width=\"753\" height=\"172\" src=\"https:\/\/www.escorpain.fr\/wp-content\/uploads\/2023\/04\/image-12.png\" alt=\"\" class=\"wp-image-7591\" srcset=\"https:\/\/www.escorpain.fr\/wp-content\/uploads\/2023\/04\/image-12.png 753w, https:\/\/www.escorpain.fr\/wp-content\/uploads\/2023\/04\/image-12-300x69.png 300w\" sizes=\"auto, (max-width: 753px) 100vw, 753px\" \/><\/figure>\n\n\n\n<figure class=\"wp-block-image size-large\"><a href=\"https:\/\/www.escorpain.fr\/wp-content\/uploads\/2023\/03\/CF-202305-scaled.jpg\" target=\"_blank\" rel=\"noreferrer noopener\"><img loading=\"lazy\" decoding=\"async\" width=\"725\" height=\"1024\" src=\"https:\/\/www.escorpain.fr\/wp-content\/uploads\/2023\/03\/CF-202305-725x1024.jpg\" alt=\"\" class=\"wp-image-7503\" srcset=\"https:\/\/www.escorpain.fr\/wp-content\/uploads\/2023\/03\/CF-202305-725x1024.jpg 725w, https:\/\/www.escorpain.fr\/wp-content\/uploads\/2023\/03\/CF-202305-212x300.jpg 212w, https:\/\/www.escorpain.fr\/wp-content\/uploads\/2023\/03\/CF-202305-768x1085.jpg 768w, https:\/\/www.escorpain.fr\/wp-content\/uploads\/2023\/03\/CF-202305-1087x1536.jpg 1087w, https:\/\/www.escorpain.fr\/wp-content\/uploads\/2023\/03\/CF-202305-1449x2048.jpg 1449w, https:\/\/www.escorpain.fr\/wp-content\/uploads\/2023\/03\/CF-202305-scaled.jpg 1812w\" sizes=\"auto, (max-width: 725px) 100vw, 725px\" \/><\/a><\/figure>\n\n\n<div align=\"center\">\n<hr><\/div>\n<div id=\"m_373169053839387354Item.MessageUniqueBody\" class=\"m_373169053839387354_rp_35 m_373169053839387354ms-font-weight-regular m_373169053839387354ms-font-color-neutralDark m_373169053839387354rpHighlightAllClass m_373169053839387354rpHighlightBodyClass\">\n<div>\n<div dir=\"ltr\">\n<div id=\"m_373169053839387354divtagdefaultwrapper\">\n<div>\n<h2><a style=\"color: blue;\" href=\"http:\/\/www.escorpain.fr\/?page_id=44\">Repas champ\u00eatre 2018<\/a><\/h2>\n<\/div>\n<\/div>\n<\/div>\n<\/div>\n<\/div>\n<div style=\"text-align: left;\" align=\"center\">\n<h3><span style=\"color: #0000ff;\"><br \/><a style=\"color: #0000ff;\" href=\"http:\/\/www.escorpain.fr\/?page_id=52\">Photos vide grenier 2017<\/a><\/span><\/h3>\n<h3><a style=\"color: blue;\" href=\"http:\/\/www.escorpain.fr\/?page_id=348\">Repas de fin d&#8217;ann\u00e9e 2018<\/a><\/h3>\n<div id=\"contenu\">\n<hr>\n<div id=\"contenu\">\n<div align=\"center\">\n<p style=\"text-align: left;\">\n<\/div>\n<\/div>\n<\/div>\n<\/div>","protected":false},"excerpt":{"rendered":"<p>Contactez nous ici Vide grenier du 11 juin 2023 Le tarif&nbsp;: 3\u20ac le m\u00e8tre lin\u00e9aire Contacts pour renseignement et\/ou inscriptions: Mme chassa Fran\u00e7oise 06.50.91 .69.78 Mme Lelard Sylvie 06.87.07.35.15 Chasse aux \u0153ufs pour le enfants du village Rendez-vous \u00e0 la mairie lundi \u00e0 10 heures Repas champ\u00eatre 2018 Photos vide grenier 2017 Repas de fin &hellip; <a href=\"https:\/\/www.escorpain.fr\/?page_id=10\" class=\"more-link\">Continuer la lecture de <span class=\"screen-reader-text\">Comit\u00e9 des f\u00eates<\/span>  <span class=\"meta-nav\">&rarr;<\/span><\/a><\/p>\n","protected":false},"author":1,"featured_media":0,"parent":0,"menu_order":0,"comment_status":"closed","ping_status":"closed","template":"","meta":{"_exactmetrics_skip_tracking":false,"_exactmetrics_sitenote_active":false,"_exactmetrics_sitenote_note":"","_exactmetrics_sitenote_category":0,"_s2mail":"no","footnotes":""},"class_list":["post-10","page","type-page","status-publish","hentry"],"_links":{"self":[{"href":"https:\/\/www.escorpain.fr\/index.php?rest_route=\/wp\/v2\/pages\/10","targetHints":{"allow":["GET"]}}],"collection":[{"href":"https:\/\/www.escorpain.fr\/index.php?rest_route=\/wp\/v2\/pages"}],"about":[{"href":"https:\/\/www.escorpain.fr\/index.php?rest_route=\/wp\/v2\/types\/page"}],"author":[{"embeddable":true,"href":"https:\/\/www.escorpain.fr\/index.php?rest_route=\/wp\/v2\/users\/1"}],"replies":[{"embeddable":true,"href":"https:\/\/www.escorpain.fr\/index.php?rest_route=%2Fwp%2Fv2%2Fcomments&post=10"}],"version-history":[{"count":72,"href":"https:\/\/www.escorpain.fr\/index.php?rest_route=\/wp\/v2\/pages\/10\/revisions"}],"predecessor-version":[{"id":9602,"href":"https:\/\/www.escorpain.fr\/index.php?rest_route=\/wp\/v2\/pages\/10\/revisions\/9602"}],"wp:attachment":[{"href":"https:\/\/www.escorpain.fr\/index.php?rest_route=%2Fwp%2Fv2%2Fmedia&parent=10"}],"curies":[{"name":"wp","href":"https:\/\/api.w.org\/{rel}","templated":true}]}}