{"id":1019,"date":"2017-04-06T14:13:45","date_gmt":"2017-04-06T12:13:45","guid":{"rendered":"http:\/\/www.escorpain.fr\/?page_id=1019"},"modified":"2021-11-22T08:23:34","modified_gmt":"2021-11-22T07:23:34","slug":"bulletin-concernant-les-resultats-des-analyses-deau","status":"publish","type":"page","link":"https:\/\/www.escorpain.fr\/?page_id=1019","title":{"rendered":"Bulletin concernant les r\u00e9sultats des analyses d&#8217;eau"},"content":{"rendered":"\n<figure class=\"wp-block-image size-full\"><a href=\"https:\/\/www.escorpain.fr\/wp-content\/uploads\/2021\/11\/Bulletin-danalyses-eau-dalimentation68_92411-00113734.pdf\" target=\"_blank\" rel=\"noopener\"><img loading=\"lazy\" decoding=\"async\" width=\"638\" height=\"905\" src=\"https:\/\/www.escorpain.fr\/wp-content\/uploads\/2021\/11\/Bulletin-danalyses-eau-dalimentation68_92411-00113734-1-1.jpg\" alt=\"\" class=\"wp-image-5764\" srcset=\"https:\/\/www.escorpain.fr\/wp-content\/uploads\/2021\/11\/Bulletin-danalyses-eau-dalimentation68_92411-00113734-1-1.jpg 638w, https:\/\/www.escorpain.fr\/wp-content\/uploads\/2021\/11\/Bulletin-danalyses-eau-dalimentation68_92411-00113734-1-1-211x300.jpg 211w\" sizes=\"auto, (max-width: 638px) 100vw, 638px\" \/><\/a><\/figure>\n\n\n<p>OCTOBRE 2020<\/p>\n\n\n<figure class=\"wp-block-image size-large\"><a href=\"https:\/\/www.escorpain.fr\/wp-content\/uploads\/2020\/11\/53_144915-00109438.pdf\" target=\"_blank\" rel=\"noopener noreferrer\"><img loading=\"lazy\" decoding=\"async\" width=\"628\" height=\"905\" src=\"https:\/\/www.escorpain.fr\/wp-content\/uploads\/2020\/11\/ARS-nov-2020.jpg\" alt=\"\" class=\"wp-image-4085\" srcset=\"https:\/\/www.escorpain.fr\/wp-content\/uploads\/2020\/11\/ARS-nov-2020.jpg 628w, https:\/\/www.escorpain.fr\/wp-content\/uploads\/2020\/11\/ARS-nov-2020-208x300.jpg 208w\" sizes=\"auto, (max-width: 628px) 100vw, 628px\" \/><\/a><\/figure>\n\n\n<p>SEPTEMBRE 2020<\/p>\n\n\n<a href=\"https:\/\/www.escorpain.fr\/wp-content\/uploads\/2020\/09\/ARS-95_125135-001081961.pdf\" target=\"_blank\" class=\"wp-block-image size-large\" rel=\"noopener noreferrer\"><img loading=\"lazy\" decoding=\"async\" width=\"754\" height=\"910\" src=\"https:\/\/www.escorpain.fr\/wp-content\/uploads\/2020\/09\/ARS-95_125135-00108196.jpg\" alt=\"\" class=\"wp-image-3877\" srcset=\"https:\/\/www.escorpain.fr\/wp-content\/uploads\/2020\/09\/ARS-95_125135-00108196.jpg 754w, https:\/\/www.escorpain.fr\/wp-content\/uploads\/2020\/09\/ARS-95_125135-00108196-249x300.jpg 249w\" sizes=\"auto, (max-width: 754px) 100vw, 754px\" \/><\/figure><\/a>\n\n\n<p><\/p>\n<p>MARS 2020<\/p>\n\n\n<a href=\"https:\/\/www.escorpain.fr\/wp-content\/uploads\/2020\/04\/58_95330-00106749.pdf\" target=\"_blank\" class=\"wp-block-image size-large\" rel=\"noopener noreferrer\"><img loading=\"lazy\" decoding=\"async\" width=\"724\" height=\"1024\" src=\"https:\/\/www.escorpain.fr\/wp-content\/uploads\/2020\/04\/58_95330-00106749-pdf-724x1024.jpg\" alt=\"\" class=\"wp-image-3416\"\/><\/figure><\/a>\n\n\n<p>NOVEMBRE 2019<\/p>\n\n\n<a href=\"https:\/\/www.escorpain.fr\/wp-content\/uploads\/2019\/12\/42_10204-00105529.pdf\"target=\"_blank\"\n<figure class=\"wp-block-image size-large\" rel=\"noopener noreferrer\"><img loading=\"lazy\" decoding=\"async\" width=\"724\" height=\"1024\" src=\"https:\/\/www.escorpain.fr\/wp-content\/uploads\/2019\/12\/42_10204-00105529-pdf-724x1024.jpg\" alt=\"\" class=\"wp-image-2918\"\/><figcaption>Bulletin d&#8217;analyses eau d&#8217;alimentation<\/figcaption><\/a><\/figure>\n\n\n\n<figure class=\"wp-block-image\"><img loading=\"lazy\" decoding=\"async\" width=\"724\" height=\"1024\" src=\"https:\/\/www.escorpain.fr\/wp-content\/uploads\/2019\/09\/1_16146-00104288-pdf-724x1024.jpg\" alt=\"Bulletin d'analyses eau d'alimentation, juillet 2019\" class=\"wp-image-2698\"\/><\/figure>\n\n\n\n<p>Mars 2017<\/p>\n\n\n<p>Bulletin concernant les r\u00e9sultats des analyses d&#8217;eau<br>effectu\u00e9es dans le cadre du contr\u00f4le sanitaire.<\/p>\n<p>ARS centre &#8211; Val de Loire<br>D\u00e9l\u00e9gation D\u00e9partementale d&#8217;Eure-et-Loir Unit\u00e9 Sant\u00e9 Environnement<\/p>\n<p><a href=\"http:\/\/www.escorpain.fr\/wp-content\/uploads\/2017\/04\/29_16245-00074189.pdf\" target=\"_blank\" rel=\"http:\/\/www.escorpain.fr\/wp-content\/uploads\/2017\/04\/29_16245-00074189.pdf noopener noreferrer\"><img loading=\"lazy\" decoding=\"async\" class=\"alignnone wp-image-1016 size-full\" src=\"http:\/\/www.escorpain.fr\/wp-content\/uploads\/2017\/04\/ars.jpg\" alt=\"\" width=\"863\" height=\"646\" srcset=\"https:\/\/www.escorpain.fr\/wp-content\/uploads\/2017\/04\/ars.jpg 863w, https:\/\/www.escorpain.fr\/wp-content\/uploads\/2017\/04\/ars-300x225.jpg 300w, https:\/\/www.escorpain.fr\/wp-content\/uploads\/2017\/04\/ars-768x575.jpg 768w\" sizes=\"auto, (max-width: 863px) 100vw, 863px\" \/><\/a><\/p>","protected":false},"excerpt":{"rendered":"<p>OCTOBRE 2020 SEPTEMBRE 2020 MARS 2020 NOVEMBRE 2019 Mars 2017 Bulletin concernant les r\u00e9sultats des analyses d&#8217;eaueffectu\u00e9es dans le cadre du contr\u00f4le sanitaire. ARS centre &#8211; Val de LoireD\u00e9l\u00e9gation D\u00e9partementale d&#8217;Eure-et-Loir Unit\u00e9 Sant\u00e9 Environnement<\/p>\n","protected":false},"author":1,"featured_media":0,"parent":34,"menu_order":0,"comment_status":"closed","ping_status":"closed","template":"","meta":{"_exactmetrics_skip_tracking":false,"_exactmetrics_sitenote_active":false,"_exactmetrics_sitenote_note":"","_exactmetrics_sitenote_category":0,"_s2mail":"no","footnotes":""},"class_list":["post-1019","page","type-page","status-publish","hentry"],"_links":{"self":[{"href":"https:\/\/www.escorpain.fr\/index.php?rest_route=\/wp\/v2\/pages\/1019","targetHints":{"allow":["GET"]}}],"collection":[{"href":"https:\/\/www.escorpain.fr\/index.php?rest_route=\/wp\/v2\/pages"}],"about":[{"href":"https:\/\/www.escorpain.fr\/index.php?rest_route=\/wp\/v2\/types\/page"}],"author":[{"embeddable":true,"href":"https:\/\/www.escorpain.fr\/index.php?rest_route=\/wp\/v2\/users\/1"}],"replies":[{"embeddable":true,"href":"https:\/\/www.escorpain.fr\/index.php?rest_route=%2Fwp%2Fv2%2Fcomments&post=1019"}],"version-history":[{"count":9,"href":"https:\/\/www.escorpain.fr\/index.php?rest_route=\/wp\/v2\/pages\/1019\/revisions"}],"predecessor-version":[{"id":7276,"href":"https:\/\/www.escorpain.fr\/index.php?rest_route=\/wp\/v2\/pages\/1019\/revisions\/7276"}],"up":[{"embeddable":true,"href":"https:\/\/www.escorpain.fr\/index.php?rest_route=\/wp\/v2\/pages\/34"}],"wp:attachment":[{"href":"https:\/\/www.escorpain.fr\/index.php?rest_route=%2Fwp%2Fv2%2Fmedia&parent=1019"}],"curies":[{"name":"wp","href":"https:\/\/api.w.org\/{rel}","templated":true}]}}