{"id":10660,"date":"2025-10-14T07:32:02","date_gmt":"2025-10-14T05:32:02","guid":{"rendered":"https:\/\/www.escorpain.fr\/?page_id=10660"},"modified":"2025-10-14T07:32:03","modified_gmt":"2025-10-14T05:32:03","slug":"la-boite-a-livres-est-installee-sur-la-place-descorpain","status":"publish","type":"page","link":"https:\/\/www.escorpain.fr\/?page_id=10660","title":{"rendered":"La bo\u00eete \u00e0 livres est install\u00e9e sur la place d&#8217;Escorpain"},"content":{"rendered":"<div class=\"wp-block-image\">\n<figure class=\"aligncenter size-large\"><a href=\"https:\/\/www.escorpain.fr\/wp-content\/uploads\/2025\/07\/Boite-a-livre-1.jpg\" target=\"_blank\" rel=\" noreferrer noopener\"><img loading=\"lazy\" decoding=\"async\" width=\"1024\" height=\"705\" src=\"https:\/\/www.escorpain.fr\/wp-content\/uploads\/2025\/07\/Boite-a-livre-1-1024x705.jpg\" alt=\"\" class=\"wp-image-10411\" srcset=\"https:\/\/www.escorpain.fr\/wp-content\/uploads\/2025\/07\/Boite-a-livre-1-1024x705.jpg 1024w, https:\/\/www.escorpain.fr\/wp-content\/uploads\/2025\/07\/Boite-a-livre-1-300x206.jpg 300w, https:\/\/www.escorpain.fr\/wp-content\/uploads\/2025\/07\/Boite-a-livre-1-768x529.jpg 768w, https:\/\/www.escorpain.fr\/wp-content\/uploads\/2025\/07\/Boite-a-livre-1-1536x1057.jpg 1536w, https:\/\/www.escorpain.fr\/wp-content\/uploads\/2025\/07\/Boite-a-livre-1-2048x1409.jpg 2048w\" sizes=\"auto, (max-width: 1024px) 100vw, 1024px\" \/><\/a><\/figure>\n<\/div>\n\n\n<p>Le principe est assez simple : prenez un livre, d\u00e9posez un livre.<br>\u00c9cologique et sociale, la bo\u00eete \u00e0 livre red\u00e9finit le rapport que l\u2019on a avec le livre.<br>Elle donne une seconde vie aux romans et permet de d\u00e9mocratiser l\u2019acc\u00e8s \u00e0 la litt\u00e9rature.<\/p>\n\n\n<div class=\"wp-block-image\">\n<figure class=\"aligncenter size-large\"><a href=\"https:\/\/www.escorpain.fr\/wp-content\/uploads\/2025\/07\/Boite-a-livre.png\" target=\"_blank\" rel=\" noreferrer noopener\"><img loading=\"lazy\" decoding=\"async\" width=\"1024\" height=\"844\" src=\"https:\/\/www.escorpain.fr\/wp-content\/uploads\/2025\/07\/Boite-a-livre-1024x844.png\" alt=\"\" class=\"wp-image-10413\" srcset=\"https:\/\/www.escorpain.fr\/wp-content\/uploads\/2025\/07\/Boite-a-livre-1024x844.png 1024w, https:\/\/www.escorpain.fr\/wp-content\/uploads\/2025\/07\/Boite-a-livre-300x247.png 300w, https:\/\/www.escorpain.fr\/wp-content\/uploads\/2025\/07\/Boite-a-livre-768x633.png 768w, https:\/\/www.escorpain.fr\/wp-content\/uploads\/2025\/07\/Boite-a-livre-1536x1265.png 1536w, https:\/\/www.escorpain.fr\/wp-content\/uploads\/2025\/07\/Boite-a-livre.png 2043w\" sizes=\"auto, (max-width: 1024px) 100vw, 1024px\" \/><\/a><\/figure>\n<\/div>","protected":false},"excerpt":{"rendered":"<p>Le principe est assez simple : prenez un livre, d\u00e9posez un livre.\u00c9cologique et sociale, la bo\u00eete \u00e0 livre red\u00e9finit le rapport que l\u2019on a avec le livre.Elle donne une seconde vie aux romans et permet de d\u00e9mocratiser l\u2019acc\u00e8s \u00e0 la litt\u00e9rature.<\/p>\n","protected":false},"author":1,"featured_media":0,"parent":0,"menu_order":0,"comment_status":"closed","ping_status":"closed","template":"","meta":{"_exactmetrics_skip_tracking":false,"_exactmetrics_sitenote_active":false,"_exactmetrics_sitenote_note":"","_exactmetrics_sitenote_category":0,"_s2mail":"no","footnotes":""},"class_list":["post-10660","page","type-page","status-publish","hentry"],"_links":{"self":[{"href":"https:\/\/www.escorpain.fr\/index.php?rest_route=\/wp\/v2\/pages\/10660","targetHints":{"allow":["GET"]}}],"collection":[{"href":"https:\/\/www.escorpain.fr\/index.php?rest_route=\/wp\/v2\/pages"}],"about":[{"href":"https:\/\/www.escorpain.fr\/index.php?rest_route=\/wp\/v2\/types\/page"}],"author":[{"embeddable":true,"href":"https:\/\/www.escorpain.fr\/index.php?rest_route=\/wp\/v2\/users\/1"}],"replies":[{"embeddable":true,"href":"https:\/\/www.escorpain.fr\/index.php?rest_route=%2Fwp%2Fv2%2Fcomments&post=10660"}],"version-history":[{"count":1,"href":"https:\/\/www.escorpain.fr\/index.php?rest_route=\/wp\/v2\/pages\/10660\/revisions"}],"predecessor-version":[{"id":10662,"href":"https:\/\/www.escorpain.fr\/index.php?rest_route=\/wp\/v2\/pages\/10660\/revisions\/10662"}],"wp:attachment":[{"href":"https:\/\/www.escorpain.fr\/index.php?rest_route=%2Fwp%2Fv2%2Fmedia&parent=10660"}],"curies":[{"name":"wp","href":"https:\/\/api.w.org\/{rel}","templated":true}]}}