{"id":16,"date":"2017-03-24T10:45:08","date_gmt":"2017-03-24T09:45:08","guid":{"rendered":"http:\/\/www.escorpain.fr\/?page_id=16"},"modified":"2026-02-26T08:24:30","modified_gmt":"2026-02-26T07:24:30","slug":"compte-rendu-de-reunion","status":"publish","type":"page","link":"https:\/\/www.escorpain.fr\/?page_id=16","title":{"rendered":"COMPTES-RENDUS DES R\u00c9UNIONS DU CONSEIL"},"content":{"rendered":"\n<p><a href=\"https:\/\/www.escorpain.fr\/?page_id=10986\" target=\"_blank\" rel=\"noreferrer noopener\">Proc\u00e8s verbal du conseil municipal du mardi 9 d\u00e9cembre 2025<\/a><\/p>\n\n\n\n<p><a href=\"https:\/\/www.escorpain.fr\/?page_id=10673\" target=\"_blank\" rel=\"noreferrer noopener\">Liste d\u00e9lib\u00e9ration du 18 septembre 2025<\/a><\/p>\n\n\n\n<p><a href=\"https:\/\/www.escorpain.fr\/?page_id=10573\" target=\"_blank\" rel=\"noreferrer noopener\">Proc\u00e8s verbal du conseil municipal du jeudi 3 juillet 2025<\/a><\/p>\n\n\n\n<p><a href=\"https:\/\/www.escorpain.fr\/?page_id=10404\">Liste d\u00e9lib\u00e9ration du 03 juillet 2025<\/a><\/p>\n\n\n\n<p><a href=\"https:\/\/www.escorpain.fr\/?page_id=10595\" target=\"_blank\" rel=\"noreferrer noopener\">Proc\u00e8s verbal du conseil municipal du mardi 6 mai 2025<\/a><\/p>\n\n\n\n<p><a href=\"https:\/\/www.escorpain.fr\/?page_id=10253\">Liste d\u00e9lib\u00e9ration du 06 mai 2025<\/a><\/p>\n\n\n\n<p><a href=\"https:\/\/www.escorpain.fr\/?page_id=10235\" target=\"_blank\" rel=\"noreferrer noopener\">Proc\u00e8s verbal du conseil municipal du jeudi 3 avril 2025<\/a><\/p>\n\n\n\n<p><a href=\"https:\/\/www.escorpain.fr\/?page_id=10178\">Liste d\u00e9lib\u00e9ration du 03 avril 2025<\/a><\/p>\n\n\n\n<p><a href=\"https:\/\/www.escorpain.fr\/?page_id=10125\">Proc\u00e8s verbal du conseil municipal du mardi 25 mars 2025<\/a><\/p>\n\n\n\n<p><a href=\"https:\/\/www.escorpain.fr\/?page_id=9980\" target=\"_blank\" rel=\"noreferrer noopener\">Liste des d\u00e9lib\u00e9rations du mardi 10 d\u00e9cembre 2024<\/a><\/p>\n\n\n\n<p><a href=\"https:\/\/www.escorpain.fr\/?page_id=9975\" target=\"_blank\" rel=\"noreferrer noopener\">Proc\u00e8s verbal du conseil municipal du mardi 10 d\u00e9cembre 2024<\/a><\/p>\n\n\n\n<p><a href=\"https:\/\/www.escorpain.fr\/?p=9836\" target=\"_blank\" rel=\"noreferrer noopener\">Liste des d\u00e9lib\u00e9rations du jeudi 21 novembre 2024<\/a><\/p>\n\n\n\n<p><a href=\"https:\/\/www.escorpain.fr\/?page_id=9829\" target=\"_blank\" rel=\"noreferrer noopener\">Proc\u00e8s verbal du conseil municipal du jeudi 21 novembre 2024<\/a><\/p>\n\n\n\n<p><a href=\"https:\/\/www.escorpain.fr\/?page_id=9814\">Proc\u00e8s verbal du Conseil Municipal du 17 septembre 2024<\/a><\/p>\n\n\n\n<p><a href=\"https:\/\/www.escorpain.fr\/?page_id=9756\" target=\"_blank\" rel=\"noreferrer noopener\">Liste des d\u00e9lib\u00e9rations du 17 septembre 2024<\/a><\/p>\n\n\n\n<p><a href=\"https:\/\/www.escorpain.fr\/?page_id=9573\" target=\"_blank\" rel=\"noreferrer noopener\">R\u00e9union du conseil 24 juin 2024<\/a><\/p>\n\n\n\n<p><a href=\"https:\/\/www.escorpain.fr\/?page_id=9317\" target=\"_blank\" rel=\"noreferrer noopener\">Liste des d\u00e9lib\u00e9rations lors de la s\u00e9ance du Conseil Municipal du lundi 24 juin 2024<\/a><\/p>\n\n\n\n<p><a href=\"https:\/\/www.escorpain.fr\/?page_id=9311\" target=\"_blank\" rel=\"noreferrer noopener\"><a href=\"https:\/\/www.escorpain.fr\/?page_id=9079\" target=\"_blank\" rel=\"noreferrer noopener\">R\u00e9union du conseil<\/a><\/a> <a href=\"https:\/\/www.escorpain.fr\/?page_id=9311\" target=\"_blank\" rel=\"noreferrer noopener\">municipal du jeudi 11 avril 2024<\/a><\/p>\n\n\n\n<p><a href=\"https:\/\/www.escorpain.fr\/?page_id=9083\" target=\"_blank\" rel=\"noreferrer noopener\">Liste des d\u00e9lib\u00e9rations lors de la s\u00e9ance du Conseil Municipal du 11 avril 2024<\/a><\/p>\n\n\n\n<p><a href=\"https:\/\/www.escorpain.fr\/?page_id=9079\" target=\"_blank\" rel=\"noreferrer noopener\">R\u00e9union du conseil 21 mars 2024<\/a><\/p>\n\n\n\n<p><a href=\"https:\/\/www.escorpain.fr\/?page_id=8982\" target=\"_blank\" rel=\"noreferrer noopener\">Liste des d\u00e9lib\u00e9rations lors de la s\u00e9ance du Conseil Municipal du 21 mars 2024<\/a><\/p>\n\n\n\n<p><a href=\"https:\/\/www.escorpain.fr\/?page_id=9014\" target=\"_blank\" rel=\"noreferrer noopener\">R\u00e9union du conseil 23 janvier 2024<\/a><\/p>\n\n\n\n<p><a href=\"https:\/\/www.escorpain.fr\/?page_id=8983\" target=\"_blank\" rel=\"noreferrer noopener\">Liste des d\u00e9lib\u00e9rations lors de la s\u00e9ance du Conseil Municipal du 23 janvier 2024<\/a><\/p>\n\n\n\n<p><a href=\"https:\/\/www.escorpain.fr\/?page_id=8946\" target=\"_blank\" rel=\"noreferrer noopener\">Liste des d\u00e9lib\u00e9rations lors de la s\u00e9ance du Conseil Municipal du 12 d\u00e9cembre 2023<\/a><\/p>\n\n\n\n<p><a title=\"\" href=\"https:\/\/www.escorpain.fr\/?page_id=8521\" target=\"_blank\" rel=\"noopener\">Liste des d\u00e9lib\u00e9rations lors de la s\u00e9ance du Conseil Municipal du 17 octobre 2023<\/a><\/p>\n\n\n\n<p><a href=\"https:\/\/www.escorpain.fr\/?page_id=8951\" target=\"_blank\" rel=\"noreferrer noopener\">R\u00e9union du conseil 17 octobre 2023<\/a><\/p>\n\n\n\n<p><a href=\"https:\/\/www.escorpain.fr\/?page_id=8465\" target=\"_blank\" rel=\"noopener\" title=\"R\u00e9union du conseil 12 septembre 2023\">R\u00e9union du conseil 12 septembre 2023<\/a><\/p>\n\n\n\n<p><a href=\"https:\/\/www.escorpain.fr\/?page_id=8398\" target=\"_blank\" rel=\"noopener\" title=\"D\u00e9lib\u00e9ration CM 12 septembre 2023\">D\u00e9lib\u00e9ration CM 12 septembre 2023<\/a><\/p>\n\n\n\n<p><a href=\"https:\/\/www.escorpain.fr\/?page_id=8295\" target=\"_blank\" rel=\"noopener\" title=\"R\u00e9union du conseil 13 juin 2023\">R\u00e9union du conseil 13 juin 2023<\/a><\/p>\n\n\n\n<p><a href=\"https:\/\/www.escorpain.fr\/?page_id=8342\" target=\"_blank\" rel=\"noopener\" title=\"R\u00e9union du conseil 6 avril 2023\">R\u00e9union du conseil 6 avril 2023<\/a><\/p>\n\n\n\n<p><a href=\"https:\/\/www.escorpain.fr\/?page_id=8017\" title=\"Liste des d\u00e9lib\u00e9rations lors de la s\u00e9ance du Conseil Municipal du 6 avril 2023\">Liste des d\u00e9lib\u00e9rations lors de la s\u00e9ance du Conseil Municipal du 6 avril 2023<\/a><\/p>\n\n\n\n<p><a href=\"https:\/\/www.escorpain.fr\/?page_id=8043\" title=\"Liste des d\u00e9lib\u00e9rations approuv\u00e9es 13 mars 2023\">Liste des d\u00e9lib\u00e9rations approuv\u00e9es 13 mars 2023<\/a><\/p>\n\n\n\n<p><a href=\"https:\/\/www.escorpain.fr\/?page_id=8022\" title=\"Conseil municipal du 13 mars 2023\">R\u00e9union du conseil 13 mars 2023<\/a><\/p>\n\n\n\n<p><a data-type=\"URL\" data-id=\"https:\/\/www.escorpain.fr\/?page_id=7709\" href=\"https:\/\/www.escorpain.fr\/?page_id=7709\" target=\"_blank\" rel=\"noreferrer noopener\">Liste des d\u00e9lib\u00e9rations approuv\u00e9es 8 d\u00e9cembre 2022<\/a><\/p>\n\n\n\n<p><a href=\"https:\/\/www.escorpain.fr\/?page_id=8033\" title=\"Conseil municipal du 8 d\u00e9cembre 2022\">R\u00e9union du conseil 8 d\u00e9cembre 2022<\/a><\/p>\n\n\n\n<p><a href=\"https:\/\/www.escorpain.fr\/?page_id=8285\" target=\"_blank\" rel=\"noopener\" title=\"R\u00e9union du conseil 18 octobre 2022\">R\u00e9union du conseil 18 octobre 2022<\/a><\/p>\n\n\n\n<p><a href=\"https:\/\/www.escorpain.fr\/?page_id=8269\" target=\"_blank\" rel=\"noopener\" title=\"R\u00e9union du conseil 30 ao\u00fbt 2022\">R\u00e9union du conseil 30 ao\u00fbt 2022<\/a><\/p>\n\n\n\n<p><a data-type=\"URL\" data-id=\"https:\/\/www.escorpain.fr\/?page_id=6875\" href=\"https:\/\/www.escorpain.fr\/?page_id=6875\" target=\"_blank\" rel=\"noreferrer noopener\">R\u00e9union du conseil 21 juin 2022<\/a><\/p>\n\n\n\n<p><a href=\"https:\/\/www.escorpain.fr\/?page_id=8260\" title=\"R\u00e9union du conseil 14 avril 2022\">R\u00e9union du conseil 14 avril 2022<\/a><\/p>\n\n\n\n<p><a href=\"https:\/\/www.escorpain.fr\/?page_id=6865\" target=\"_blank\" rel=\"noreferrer noopener\">R\u00e9union du conseil 14 mars 2022<\/a><\/p>\n\n\n\n<p><a rel=\"noreferrer noopener\" href=\"https:\/\/www.escorpain.fr\/?page_id=6777\" target=\"_blank\">R\u00e9union du conseil 08 d\u00e9cembre 2021<\/a><\/p>\n\n\n\n<p><a href=\"https:\/\/www.escorpain.fr\/?page_id=5851\" data-type=\"URL\" data-id=\"https:\/\/www.escorpain.fr\/?page_id=5851\" target=\"_blank\" rel=\"noreferrer noopener\">R\u00e9union du conseil 13 octobre 2021<\/a> <\/p>\n\n\n\n<p><a href=\"https:\/\/www.escorpain.fr\/?page_id=5634\" target=\"_blank\" rel=\"noreferrer noopener\">R\u00e9union du conseil 23 ao\u00fbt 2021<\/a><\/p>\n\n\n\n<p><a rel=\"noreferrer noopener\" href=\"https:\/\/www.escorpain.fr\/?page_id=5379\" data-type=\"URL\" data-id=\"https:\/\/www.escorpain.fr\/?page_id=5379\" target=\"_blank\">R\u00e9union du conseil 15 juin 2021<\/a><\/p>\n\n\n\n<p><a href=\"https:\/\/www.escorpain.fr\/?page_id=5191\" data-type=\"URL\" target=\"_blank\" rel=\"noreferrer noopener\">R\u00e9union du conseil 8 avril 2021<\/a><\/p>\n\n\n\n<p><a href=\"https:\/\/www.escorpain.fr\/?page_id=4854\" data-type=\"URL\" data-id=\"https:\/\/www.escorpain.fr\/?page_id=4854\">R\u00e9union du conseil 28 janvier 2021<\/a><\/p>\n\n\n\n<p><a rel=\"noreferrer noopener\" href=\"https:\/\/www.escorpain.fr\/?page_id=4458\" data-type=\"URL\" data-id=\"https:\/\/www.escorpain.fr\/?page_id=4458\" target=\"_blank\">R\u00e9union du conseil 27 novembre 2020<\/a><\/p>\n\n\n\n<p><a href=\"https:\/\/www.escorpain.fr\/?page_id=3898\" target=\"_blank\" rel=\"noreferrer noopener\">R\u00e9union du conseil 10 juillet 2020<\/a><\/p>\n\n\n<p><a href=\"https:\/\/www.escorpain.fr\/?page_id=3805\" target=\"_blank\" rel=\"noopener noreferrer\">R\u00e9union du conseil 3 juillet 2020<\/a><\/p>\n<p><a href=\"https:\/\/www.escorpain.fr\/?page_id=3693\" target=\"_blank\" rel=\"noopener noreferrer\">R\u00e9union du conseil 17 juin 2020<\/a><\/p>\n<p><a href=\"https:\/\/www.escorpain.fr\/?page_id=3345\" target=\"_blank\" rel=\"noopener noreferrer\">R\u00e9union du conseil 25 f\u00e9vrier 2020<\/a><\/p>\n<p><a href=\"https:\/\/www.escorpain.fr\/?page_id=3008\" target=\"_blank\" rel=\"noopener noreferrer\">R\u00e9union du conseil 12 d\u00e9cembre 2019<\/a><\/p>\n<p><a href=\"https:\/\/www.escorpain.fr\/?page_id=2439\" target=\"_blank\" rel=\"noopener noreferrer\">R\u00e9union du conseil 19 ao\u00fbt 2019<\/a><\/p>\n<p><a href=\"https:\/\/www.escorpain.fr\/?page_id=2439\">R\u00e9union du conseil 11 avril 2019<\/a><\/p>\n<p><a href=\"http:\/\/www.escorpain.fr\/?page_id=2306\" target=\"_blank\" rel=\"noopener noreferrer\">R\u00e9union du conseil 06 f\u00e9vrier 2019<\/a><\/p>\n<p><a href=\"http:\/\/www.escorpain.fr\/?attachment_id=1714\" target=\"_blank\" rel=\"attachment noopener wp-att-1714 noreferrer\">R\u00e9union du conseil 12 avril 2018<\/a><\/p>\n<p><a href=\"http:\/\/www.escorpain.fr\/?attachment_id=1633\" target=\"_blank\" rel=\"attachment noopener wp-att-1633 noreferrer\">R\u00e9union du conseil 8 Mars 2018<\/a><\/p>\n<p><a href=\"http:\/\/www.escorpain.fr\/wp-content\/uploads\/2018\/01\/Conseil-2017-Octobre-26.pdf\" target=\"_blank\" rel=\"noopener noreferrer\">R\u00e9union du conseil 26 octobre 2017<\/a><\/p>\n<p><a href=\"http:\/\/www.escorpain.fr\/wp-content\/uploads\/2016\/08\/Conseil-2016-D\u00e9cembre-6.pdf\" rel=\"attachment wp-att-623\">R\u00e9union du consei<\/a><a href=\"http:\/\/www.escorpain.fr\/wp-content\/uploads\/2016\/08\/Conseil-2017-Janvier-26.pdf\" target=\"_blank\" rel=\"attachment noopener wp-att-969 noreferrer\">l 26 janvier 2017<\/a><\/p>\n<p><a href=\"http:\/\/www.escorpain.fr\/wp-content\/uploads\/2016\/08\/Conseil-2016-D\u00e9cembre-6.pdf\" rel=\"attachment wp-att-623\">R\u00e9union du conseil 06 d\u00e9cembre 2016<\/a><\/p>\n<p><a href=\"http:\/\/www.escorpain.fr\/wp-content\/uploads\/2016\/08\/Conseil-2016-Octobre-10.pdf\" target=\"_blank\" rel=\"noopener noreferrer\">R\u00e9union du conseil 23 septembre&nbsp;2016<\/a><\/p>\n<p><a href=\"http:\/\/www.escorpain.fr\/wp-content\/uploads\/2016\/08\/Conseil-2016-Mai-30.pdf\" target=\"_blank\" rel=\"noopener noreferrer\">R\u00e9union du conseil 30 mai 2016<\/a><\/p>","protected":false},"excerpt":{"rendered":"<p>Proc\u00e8s verbal du conseil municipal du mardi 9 d\u00e9cembre 2025 Liste d\u00e9lib\u00e9ration du 18 septembre 2025 Proc\u00e8s verbal du conseil municipal du jeudi 3 juillet 2025 Liste d\u00e9lib\u00e9ration du 03 juillet 2025 Proc\u00e8s verbal du conseil municipal du mardi 6 mai 2025 Liste d\u00e9lib\u00e9ration du 06 mai 2025 Proc\u00e8s verbal du conseil municipal du jeudi &hellip; <a href=\"https:\/\/www.escorpain.fr\/?page_id=16\" class=\"more-link\">Continuer la lecture de <span class=\"screen-reader-text\">COMPTES-RENDUS DES R\u00c9UNIONS DU CONSEIL<\/span>  <span class=\"meta-nav\">&rarr;<\/span><\/a><\/p>\n","protected":false},"author":1,"featured_media":0,"parent":0,"menu_order":14,"comment_status":"closed","ping_status":"closed","template":"","meta":{"_exactmetrics_skip_tracking":false,"_exactmetrics_sitenote_active":false,"_exactmetrics_sitenote_note":"","_exactmetrics_sitenote_category":0,"_s2mail":"no","footnotes":""},"class_list":["post-16","page","type-page","status-publish","hentry"],"_links":{"self":[{"href":"https:\/\/www.escorpain.fr\/index.php?rest_route=\/wp\/v2\/pages\/16","targetHints":{"allow":["GET"]}}],"collection":[{"href":"https:\/\/www.escorpain.fr\/index.php?rest_route=\/wp\/v2\/pages"}],"about":[{"href":"https:\/\/www.escorpain.fr\/index.php?rest_route=\/wp\/v2\/types\/page"}],"author":[{"embeddable":true,"href":"https:\/\/www.escorpain.fr\/index.php?rest_route=\/wp\/v2\/users\/1"}],"replies":[{"embeddable":true,"href":"https:\/\/www.escorpain.fr\/index.php?rest_route=%2Fwp%2Fv2%2Fcomments&post=16"}],"version-history":[{"count":96,"href":"https:\/\/www.escorpain.fr\/index.php?rest_route=\/wp\/v2\/pages\/16\/revisions"}],"predecessor-version":[{"id":10993,"href":"https:\/\/www.escorpain.fr\/index.php?rest_route=\/wp\/v2\/pages\/16\/revisions\/10993"}],"wp:attachment":[{"href":"https:\/\/www.escorpain.fr\/index.php?rest_route=%2Fwp%2Fv2%2Fmedia&parent=16"}],"curies":[{"name":"wp","href":"https:\/\/api.w.org\/{rel}","templated":true}]}}