{"id":417,"date":"2016-11-17T09:39:46","date_gmt":"2016-11-17T08:39:46","guid":{"rendered":"http:\/\/www.escorpain.fr\/?page_id=417"},"modified":"2017-01-19T11:45:51","modified_gmt":"2017-01-19T10:45:51","slug":"patrimoine","status":"publish","type":"page","link":"https:\/\/www.escorpain.fr\/?page_id=417","title":{"rendered":"Patrimoine"},"content":{"rendered":"<h1>Patrimoine<\/h1>\n<p><a href=\"http:\/\/www.escorpain.fr\/?attachment_id=415\" target=\"_blank\" rel=\"attachment wp-att-415\"><img loading=\"lazy\" decoding=\"async\" class=\"alignnone wp-image-415 size-medium\" src=\"http:\/\/www.escorpain.fr\/wp-content\/uploads\/2016\/11\/DSC00255-300x225.jpg\" alt=\"Eglise d'Escorpain\" width=\"300\" height=\"225\" srcset=\"https:\/\/www.escorpain.fr\/wp-content\/uploads\/2016\/11\/DSC00255-300x225.jpg 300w, https:\/\/www.escorpain.fr\/wp-content\/uploads\/2016\/11\/DSC00255-768x576.jpg 768w, https:\/\/www.escorpain.fr\/wp-content\/uploads\/2016\/11\/DSC00255-1024x768.jpg 1024w\" sizes=\"auto, (max-width: 300px) 100vw, 300px\" \/><\/a><\/p>\n<h3>La cloche de l&#8217;\u00e9glise avant la restauration<\/h3>\n<p><a href=\"http:\/\/www.escorpain.fr\/?attachment_id=418\" target=\"_blank\" rel=\"attachment wp-att-418\"><img loading=\"lazy\" decoding=\"async\" class=\"alignnone wp-image-418 size-medium\" src=\"http:\/\/www.escorpain.fr\/wp-content\/uploads\/2016\/11\/Cloche-300x225.jpg\" alt=\"Cloche avant restauration\" width=\"300\" height=\"225\" srcset=\"https:\/\/www.escorpain.fr\/wp-content\/uploads\/2016\/11\/Cloche-300x225.jpg 300w, https:\/\/www.escorpain.fr\/wp-content\/uploads\/2016\/11\/Cloche-768x576.jpg 768w, https:\/\/www.escorpain.fr\/wp-content\/uploads\/2016\/11\/Cloche-1024x768.jpg 1024w\" sizes=\"auto, (max-width: 300px) 100vw, 300px\" \/><\/a><\/p>\n<h3>Fondation du patrimoine<\/h3>\n<p>Dipl\u00f4me de la fondation du patrimoine re\u00e7u pour la restauration de la cloche de l&#8217;\u00e9glise.<br \/>\n(7 novembre 2016)<\/p>\n<p><a href=\"http:\/\/www.escorpain.fr\/?attachment_id=416\" rel=\"attachment wp-att-416\"><img loading=\"lazy\" decoding=\"async\" class=\"alignnone size-medium wp-image-416\" src=\"http:\/\/www.escorpain.fr\/wp-content\/uploads\/2016\/11\/diplome-fondation-300x209.jpg\" alt=\"diplome-fondation\" width=\"300\" height=\"209\" srcset=\"https:\/\/www.escorpain.fr\/wp-content\/uploads\/2016\/11\/diplome-fondation-300x209.jpg 300w, https:\/\/www.escorpain.fr\/wp-content\/uploads\/2016\/11\/diplome-fondation-768x535.jpg 768w, https:\/\/www.escorpain.fr\/wp-content\/uploads\/2016\/11\/diplome-fondation.jpg 852w\" sizes=\"auto, (max-width: 300px) 100vw, 300px\" \/><\/a><\/p>\n","protected":false},"excerpt":{"rendered":"<p>Patrimoine La cloche de l&#8217;\u00e9glise avant la restauration Fondation du patrimoine Dipl\u00f4me de la fondation du patrimoine re\u00e7u pour la restauration de la cloche de l&#8217;\u00e9glise. (7 novembre 2016)<\/p>\n","protected":false},"author":1,"featured_media":0,"parent":0,"menu_order":3,"comment_status":"closed","ping_status":"closed","template":"","meta":{"_exactmetrics_skip_tracking":false,"_exactmetrics_sitenote_active":false,"_exactmetrics_sitenote_note":"","_exactmetrics_sitenote_category":0,"_s2mail":"no","footnotes":""},"class_list":["post-417","page","type-page","status-publish","hentry"],"_links":{"self":[{"href":"https:\/\/www.escorpain.fr\/index.php?rest_route=\/wp\/v2\/pages\/417","targetHints":{"allow":["GET"]}}],"collection":[{"href":"https:\/\/www.escorpain.fr\/index.php?rest_route=\/wp\/v2\/pages"}],"about":[{"href":"https:\/\/www.escorpain.fr\/index.php?rest_route=\/wp\/v2\/types\/page"}],"author":[{"embeddable":true,"href":"https:\/\/www.escorpain.fr\/index.php?rest_route=\/wp\/v2\/users\/1"}],"replies":[{"embeddable":true,"href":"https:\/\/www.escorpain.fr\/index.php?rest_route=%2Fwp%2Fv2%2Fcomments&post=417"}],"version-history":[{"count":3,"href":"https:\/\/www.escorpain.fr\/index.php?rest_route=\/wp\/v2\/pages\/417\/revisions"}],"predecessor-version":[{"id":425,"href":"https:\/\/www.escorpain.fr\/index.php?rest_route=\/wp\/v2\/pages\/417\/revisions\/425"}],"wp:attachment":[{"href":"https:\/\/www.escorpain.fr\/index.php?rest_route=%2Fwp%2Fv2%2Fmedia&parent=417"}],"curies":[{"name":"wp","href":"https:\/\/api.w.org\/{rel}","templated":true}]}}