{"id":4346,"date":"2021-01-11T08:07:25","date_gmt":"2021-01-11T07:07:25","guid":{"rendered":"https:\/\/www.escorpain.fr\/?page_id=4346"},"modified":"2021-01-11T08:10:10","modified_gmt":"2021-01-11T07:10:10","slug":"informations-importantes-sur-le-demarchage-pour-la-renovation-energetique","status":"publish","type":"page","link":"https:\/\/www.escorpain.fr\/?page_id=4346","title":{"rendered":"LE D\u00c9MARCHAGE POUR LA R\u00c9NOVATION \u00c9NERG\u00c9TIQUE"},"content":{"rendered":"\n<p>Madame, Monsieur,<\/p>\n\n\n\n<p>Un certain nombre de communes nous a alert\u00e9 sur la r\u00e9ception de mails relatifs \u00e0 des travaux d\u2019isolation pour 1\u20ac.<\/p>\n\n\n\n<p>Dans ce cadre, nous rappelons aux collectivit\u00e9s que les offres \u00e0 1\u20ac s\u2019appuient sur le dispositif des&nbsp;Certificats d\u2019\u00e9conomies d\u2019\u00e9nergie (CEE), et vous invitons fortement \u00e0 prendre le temps de vous renseigner.<\/p>\n\n\n\n<p>En effet, les mat\u00e9riels utilis\u00e9s et install\u00e9s peuvent \u00eatre non conformes aux normes en vigueur.&nbsp;<strong>De nombreuses plaintes font \u00e9tat de malfa\u00e7ons<\/strong>&nbsp;qui peuvent conduire \u00e0 refaire des travaux d\u2019isolation aux frais du client, le certificat d\u2019\u00e9conomie d\u2019\u00e9nergie n\u2019\u00e9tant d\u00e9livr\u00e9 qu\u2019une seule fois.<\/p>\n\n\n\n<p><strong>Quelques conseils&nbsp;:<\/strong><\/p>\n\n\n\n<p>1-&nbsp;&nbsp;&nbsp;&nbsp;&nbsp; Ne jamais r\u00e9pondre \u00e0 un d\u00e9marchage t\u00e9l\u00e9phonique ou par mail. Les entreprises s\u00e9rieuses ont autre chose \u00e0 faire que de vous harceler. En r\u00e9pondant aux appels, commencez par leur demander pour qui ils travaillent, la plupart ne savent m\u00eame pas&nbsp;;<\/p>\n\n\n\n<p>2-&nbsp;&nbsp;&nbsp;&nbsp;&nbsp; <strong>Ne pas donner suite \u00e0 des entreprises qui se disent mandat\u00e9es par des organismes publics ou qui vous menacent de p\u00e9nalit\u00e9s<\/strong>&nbsp;;<\/p>\n\n\n\n<p>3-&nbsp;&nbsp;&nbsp;&nbsp;&nbsp; Pour trouver un professionnel qualifi\u00e9, vous pouvez consulter le site \u00ab&nbsp;FAIRE&nbsp;\u00bb&nbsp;: <a href=\"https:\/\/www.faire.gouv.fr\/trouvez-un-professionnel\" target=\"_blank\" rel=\"noreferrer noopener\">https:\/\/www.faire.gouv.fr\/trouvez-un-professionnel<\/a> ;<\/p>\n\n\n\n<p>4-&nbsp;&nbsp;&nbsp;&nbsp;&nbsp; Les entreprises doivent venir v\u00e9rifier sur place la faisabilit\u00e9 technique des travaux qu\u2019elle propose. Si une entreprise vous propose de venir isoler directement un b\u00e2timent, refusez l\u2019intervention&nbsp;; &nbsp;<\/p>\n\n\n\n<p>5-&nbsp;&nbsp;&nbsp;&nbsp;&nbsp; \u00ab Pas de travaux sans devis pr\u00e9alable, m\u00eame pour 1\u20ac. Il doit indiquer la surface \u00e0 isoler, la nature de l\u2019isolant, son \u00e9paisseur et sa r\u00e9sistance thermique. \u00bb Si vous faites faire des travaux sans devis, cela est consid\u00e9r\u00e9 comme du travail dissimul\u00e9. Un devis est r\u00e9alis\u00e9 suite \u00e0 la visite technique. Aucun devis digne de ce nom n\u2019est r\u00e9alisable sans visite technique et prise de mesures pr\u00e9alables.<\/p>\n\n\n\n<p><strong>Si vous souhaitez \u00eatre conseill\u00e9(e) ou accompagn\u00e9(e) dans vos projets, n\u2019h\u00e9sitez pas \u00e0 contacter le service de conseil en \u00e9nergie d\u2019ENERGIE Eure-et-Loir avant d\u2019engager des travaux&nbsp;:<\/strong><\/p>\n\n\n\n<p><strong>Damien QUATREBOEUFS<\/strong><\/p>\n\n\n\n<p>Conseiller en Energie<\/p>\n\n\n\n<p>T\u00e9l : 02 18 16 25 81 \/ Port&nbsp;: 07 85 52 54 09<br>M\u00e9l : <a rel=\"noreferrer noopener\" href=\"mailto:damien.quatreboeufs@energie28.fr\" target=\"_blank\">damien.quatreboeufs@energie28.fr<\/a><br><strong>Ingrid HEURTAULT<\/strong><br>Responsable P\u00f4le ENERGIE-CONSEIL<br>T\u00e9l : 02 37 84 14 56 \/ Port&nbsp;: 06 87 20 51 79<br>M\u00e9l : <a rel=\"noreferrer noopener\" href=\"mailto:ingrid.heurtault@energie28.fr\" target=\"_blank\">ingrid.heurtault@energie28.fr<\/a><br>Cordialement,<\/p>\n\n\n\n<p><\/p>\n\n\n\n<figure class=\"wp-block-image size-large\"><img loading=\"lazy\" decoding=\"async\" width=\"408\" height=\"193\" src=\"https:\/\/www.escorpain.fr\/wp-content\/uploads\/2020\/10\/Territoire-denergie.png\" alt=\"\" class=\"wp-image-3941\" srcset=\"https:\/\/www.escorpain.fr\/wp-content\/uploads\/2020\/10\/Territoire-denergie.png 408w, https:\/\/www.escorpain.fr\/wp-content\/uploads\/2020\/10\/Territoire-denergie-300x142.png 300w\" sizes=\"auto, (max-width: 408px) 100vw, 408px\" \/><\/figure>\n","protected":false},"excerpt":{"rendered":"<p>Madame, Monsieur, Un certain nombre de communes nous a alert\u00e9 sur la r\u00e9ception de mails relatifs \u00e0 des travaux d\u2019isolation pour 1\u20ac. Dans ce cadre, nous rappelons aux collectivit\u00e9s que les offres \u00e0 1\u20ac s\u2019appuient sur le dispositif des&nbsp;Certificats d\u2019\u00e9conomies d\u2019\u00e9nergie (CEE), et vous invitons fortement \u00e0 prendre le temps de vous renseigner. En effet, &hellip; <a href=\"https:\/\/www.escorpain.fr\/?page_id=4346\" class=\"more-link\">Continuer la lecture de <span class=\"screen-reader-text\">LE D\u00c9MARCHAGE POUR LA R\u00c9NOVATION \u00c9NERG\u00c9TIQUE<\/span>  <span class=\"meta-nav\">&rarr;<\/span><\/a><\/p>\n","protected":false},"author":1,"featured_media":0,"parent":641,"menu_order":0,"comment_status":"closed","ping_status":"closed","template":"","meta":{"_exactmetrics_skip_tracking":false,"_exactmetrics_sitenote_active":false,"_exactmetrics_sitenote_note":"","_exactmetrics_sitenote_category":0,"_s2mail":"no","footnotes":""},"class_list":["post-4346","page","type-page","status-publish","hentry"],"_links":{"self":[{"href":"https:\/\/www.escorpain.fr\/index.php?rest_route=\/wp\/v2\/pages\/4346","targetHints":{"allow":["GET"]}}],"collection":[{"href":"https:\/\/www.escorpain.fr\/index.php?rest_route=\/wp\/v2\/pages"}],"about":[{"href":"https:\/\/www.escorpain.fr\/index.php?rest_route=\/wp\/v2\/types\/page"}],"author":[{"embeddable":true,"href":"https:\/\/www.escorpain.fr\/index.php?rest_route=\/wp\/v2\/users\/1"}],"replies":[{"embeddable":true,"href":"https:\/\/www.escorpain.fr\/index.php?rest_route=%2Fwp%2Fv2%2Fcomments&post=4346"}],"version-history":[{"count":2,"href":"https:\/\/www.escorpain.fr\/index.php?rest_route=\/wp\/v2\/pages\/4346\/revisions"}],"predecessor-version":[{"id":4349,"href":"https:\/\/www.escorpain.fr\/index.php?rest_route=\/wp\/v2\/pages\/4346\/revisions\/4349"}],"up":[{"embeddable":true,"href":"https:\/\/www.escorpain.fr\/index.php?rest_route=\/wp\/v2\/pages\/641"}],"wp:attachment":[{"href":"https:\/\/www.escorpain.fr\/index.php?rest_route=%2Fwp%2Fv2%2Fmedia&parent=4346"}],"curies":[{"name":"wp","href":"https:\/\/api.w.org\/{rel}","templated":true}]}}