{"id":4354,"date":"2021-01-11T08:21:43","date_gmt":"2021-01-11T07:21:43","guid":{"rendered":"https:\/\/www.escorpain.fr\/?page_id=4354"},"modified":"2021-01-11T08:29:01","modified_gmt":"2021-01-11T07:29:01","slug":"immatriculation","status":"publish","type":"page","link":"https:\/\/www.escorpain.fr\/?page_id=4354","title":{"rendered":"IMMATRICULATION"},"content":{"rendered":"\n<p>La formalit\u00e9 pour l&#8217;obtention d&#8217;un certificat d&#8217;immatriculation (carte grise) s\u2019effectue \u00e0 pr\u00e9sent de mani\u00e8re totalement num\u00e9ris\u00e9e. Pour cela, il existe deux options :&nbsp;<\/p>\n\n\n\n<ul class=\"wp-block-list\"><li>&nbsp;En passant par le site de l\u2019ANTS :<a href=\"https:\/\/immatriculation.ants.gouv.fr\/\" target=\"_blank\" rel=\"noreferrer noopener\"> https:\/\/immatriculation.ants.gouv.fr\/<\/a><\/li><li>Ou directement chez un professionnel de l&#8217;automobile agr\u00e9\u00e9 par la pr\u00e9fecture :<a href=\"https:\/\/www.vroomly.com\/garage-28\/\" target=\"_blank\" rel=\"noreferrer noopener\"> Garagistes dans le d\u00e9partement de l&#8217;Eure-et-Loir (28)<\/a><\/li><\/ul>\n\n\n\n<p>Afin d&#8217;\u00e9viter tout type d\u2019arnaque concernant ces d\u00e9marches, de s&#8217;informer sur le co\u00fbt r\u00e9el du certificat d&#8217;immatriculation, vous avez la possibilit\u00e9 de consulter ces informations en<a href=\"https:\/\/www.vroomly.com\/blog\/quel-est-le-prix-dune-carte-grise\/\" target=\"_blank\" rel=\"noreferrer noopener\"> cliquant ici.<\/a><\/p>\n\n\n\n<p>Pour les \u00e9tapes concernant la demande de la carte grise, vous pouvez vous en r\u00e9f\u00e9rer \u00e0 ce<a rel=\"noreferrer noopener\" href=\"https:\/\/www.courroie-distribution.fr\/blog\/comment-faire-une-carte-grise\/\" target=\"_blank\"> guide carte grise<\/a><\/p>\n\n\n\n<figure class=\"wp-block-image size-large\"><a href=\"https:\/\/immatriculation.ants.gouv.fr\/\" target=\"_blank\" rel=\"noopener noreferrer\"><img loading=\"lazy\" decoding=\"async\" width=\"721\" height=\"1024\" src=\"https:\/\/www.escorpain.fr\/wp-content\/uploads\/2020\/11\/carte-grise-1-721x1024.jpg\" alt=\"\" class=\"wp-image-4092\" srcset=\"https:\/\/www.escorpain.fr\/wp-content\/uploads\/2020\/11\/carte-grise-1-721x1024.jpg 721w, https:\/\/www.escorpain.fr\/wp-content\/uploads\/2020\/11\/carte-grise-1-211x300.jpg 211w, https:\/\/www.escorpain.fr\/wp-content\/uploads\/2020\/11\/carte-grise-1-768x1090.jpg 768w, https:\/\/www.escorpain.fr\/wp-content\/uploads\/2020\/11\/carte-grise-1.jpg 851w\" sizes=\"auto, (max-width: 721px) 100vw, 721px\" \/><\/a><\/figure>\n","protected":false},"excerpt":{"rendered":"<p>La formalit\u00e9 pour l&#8217;obtention d&#8217;un certificat d&#8217;immatriculation (carte grise) s\u2019effectue \u00e0 pr\u00e9sent de mani\u00e8re totalement num\u00e9ris\u00e9e. Pour cela, il existe deux options :&nbsp; &nbsp;En passant par le site de l\u2019ANTS : https:\/\/immatriculation.ants.gouv.fr\/ Ou directement chez un professionnel de l&#8217;automobile agr\u00e9\u00e9 par la pr\u00e9fecture : Garagistes dans le d\u00e9partement de l&#8217;Eure-et-Loir (28) Afin d&#8217;\u00e9viter tout type &hellip; <a href=\"https:\/\/www.escorpain.fr\/?page_id=4354\" class=\"more-link\">Continuer la lecture de <span class=\"screen-reader-text\">IMMATRICULATION<\/span>  <span class=\"meta-nav\">&rarr;<\/span><\/a><\/p>\n","protected":false},"author":1,"featured_media":0,"parent":641,"menu_order":0,"comment_status":"closed","ping_status":"closed","template":"","meta":{"_exactmetrics_skip_tracking":false,"_exactmetrics_sitenote_active":false,"_exactmetrics_sitenote_note":"","_exactmetrics_sitenote_category":0,"_s2mail":"no","footnotes":""},"class_list":["post-4354","page","type-page","status-publish","hentry"],"_links":{"self":[{"href":"https:\/\/www.escorpain.fr\/index.php?rest_route=\/wp\/v2\/pages\/4354","targetHints":{"allow":["GET"]}}],"collection":[{"href":"https:\/\/www.escorpain.fr\/index.php?rest_route=\/wp\/v2\/pages"}],"about":[{"href":"https:\/\/www.escorpain.fr\/index.php?rest_route=\/wp\/v2\/types\/page"}],"author":[{"embeddable":true,"href":"https:\/\/www.escorpain.fr\/index.php?rest_route=\/wp\/v2\/users\/1"}],"replies":[{"embeddable":true,"href":"https:\/\/www.escorpain.fr\/index.php?rest_route=%2Fwp%2Fv2%2Fcomments&post=4354"}],"version-history":[{"count":1,"href":"https:\/\/www.escorpain.fr\/index.php?rest_route=\/wp\/v2\/pages\/4354\/revisions"}],"predecessor-version":[{"id":4355,"href":"https:\/\/www.escorpain.fr\/index.php?rest_route=\/wp\/v2\/pages\/4354\/revisions\/4355"}],"up":[{"embeddable":true,"href":"https:\/\/www.escorpain.fr\/index.php?rest_route=\/wp\/v2\/pages\/641"}],"wp:attachment":[{"href":"https:\/\/www.escorpain.fr\/index.php?rest_route=%2Fwp%2Fv2%2Fmedia&parent=4354"}],"curies":[{"name":"wp","href":"https:\/\/api.w.org\/{rel}","templated":true}]}}