{"id":4357,"date":"2021-01-11T08:31:20","date_gmt":"2021-01-11T07:31:20","guid":{"rendered":"https:\/\/www.escorpain.fr\/?page_id=4357"},"modified":"2021-01-11T08:31:20","modified_gmt":"2021-01-11T07:31:20","slug":"les-oublies-de-la-canicule","status":"publish","type":"page","link":"https:\/\/www.escorpain.fr\/?page_id=4357","title":{"rendered":"Les oubli\u00e9s de la canicule"},"content":{"rendered":"\n<p>LETTRE OUVERTE &#8211; PRESIDENCE DE LA REPUBLIQUE \/ TOUS S\u00c9NATEURS ET D\u00c9PUT\u00c9S.<\/p>\n\n\n\n<figure class=\"wp-block-image size-large\"><a href=\"https:\/\/www.escorpain.fr\/wp-content\/uploads\/2020\/11\/Copie-de-Affiche-A4-_-ODLC-EURE-ET-LOIR-1.png\" target=\"_blank\" rel=\"noopener noreferrer\"><img loading=\"lazy\" decoding=\"async\" width=\"724\" height=\"1024\" src=\"https:\/\/www.escorpain.fr\/wp-content\/uploads\/2020\/11\/Copie-de-Affiche-A4-_-ODLC-EURE-ET-LOIR-1-724x1024.png\" alt=\"\" class=\"wp-image-4099\" srcset=\"https:\/\/www.escorpain.fr\/wp-content\/uploads\/2020\/11\/Copie-de-Affiche-A4-_-ODLC-EURE-ET-LOIR-1-724x1024.png 724w, https:\/\/www.escorpain.fr\/wp-content\/uploads\/2020\/11\/Copie-de-Affiche-A4-_-ODLC-EURE-ET-LOIR-1-212x300.png 212w, https:\/\/www.escorpain.fr\/wp-content\/uploads\/2020\/11\/Copie-de-Affiche-A4-_-ODLC-EURE-ET-LOIR-1-768x1086.png 768w, https:\/\/www.escorpain.fr\/wp-content\/uploads\/2020\/11\/Copie-de-Affiche-A4-_-ODLC-EURE-ET-LOIR-1-1086x1536.png 1086w, https:\/\/www.escorpain.fr\/wp-content\/uploads\/2020\/11\/Copie-de-Affiche-A4-_-ODLC-EURE-ET-LOIR-1.png 1414w\" sizes=\"auto, (max-width: 724px) 100vw, 724px\" \/><\/a><\/figure>\n\n\n\n<h2 class=\"has-text-align-center wp-block-heading\"><a href=\"http:\/\/www.catnat28.info\" target=\"_blank\" rel=\"noreferrer noopener\">www.catnat28.info<\/a><\/h2>\n\n\n\n<figure class=\"wp-block-image size-large\"><a href=\"https:\/\/www.escorpain.fr\/wp-content\/uploads\/2020\/11\/lettre-pdt.pdf\" target=\"_blank\" rel=\"noopener noreferrer\"><img loading=\"lazy\" decoding=\"async\" width=\"712\" height=\"902\" src=\"https:\/\/www.escorpain.fr\/wp-content\/uploads\/2020\/11\/lettre-presidence-11-2020-1.jpg\" alt=\"\" class=\"wp-image-4102\" srcset=\"https:\/\/www.escorpain.fr\/wp-content\/uploads\/2020\/11\/lettre-presidence-11-2020-1.jpg 712w, https:\/\/www.escorpain.fr\/wp-content\/uploads\/2020\/11\/lettre-presidence-11-2020-1-237x300.jpg 237w\" sizes=\"auto, (max-width: 712px) 100vw, 712px\" \/><\/a><\/figure>\n\n\n\n<figure class=\"wp-block-image size-large is-resized\"><a href=\"https:\/\/www.escorpain.fr\/wp-content\/uploads\/2020\/11\/lettre-pdt.pdf\" target=\"_blank\" rel=\"noopener noreferrer\"><img loading=\"lazy\" decoding=\"async\" src=\"https:\/\/www.escorpain.fr\/wp-content\/uploads\/2020\/11\/lettre-presidence-11-2020-2.jpg\" alt=\"\" class=\"wp-image-4103\" width=\"721\" height=\"911\" srcset=\"https:\/\/www.escorpain.fr\/wp-content\/uploads\/2020\/11\/lettre-presidence-11-2020-2.jpg 721w, https:\/\/www.escorpain.fr\/wp-content\/uploads\/2020\/11\/lettre-presidence-11-2020-2-237x300.jpg 237w\" sizes=\"auto, (max-width: 721px) 100vw, 721px\" \/><\/a><\/figure>\n","protected":false},"excerpt":{"rendered":"<p>LETTRE OUVERTE &#8211; PRESIDENCE DE LA REPUBLIQUE \/ TOUS S\u00c9NATEURS ET D\u00c9PUT\u00c9S. www.catnat28.info<\/p>\n","protected":false},"author":1,"featured_media":0,"parent":641,"menu_order":0,"comment_status":"closed","ping_status":"closed","template":"","meta":{"_exactmetrics_skip_tracking":false,"_exactmetrics_sitenote_active":false,"_exactmetrics_sitenote_note":"","_exactmetrics_sitenote_category":0,"_s2mail":"no","footnotes":""},"class_list":["post-4357","page","type-page","status-publish","hentry"],"_links":{"self":[{"href":"https:\/\/www.escorpain.fr\/index.php?rest_route=\/wp\/v2\/pages\/4357","targetHints":{"allow":["GET"]}}],"collection":[{"href":"https:\/\/www.escorpain.fr\/index.php?rest_route=\/wp\/v2\/pages"}],"about":[{"href":"https:\/\/www.escorpain.fr\/index.php?rest_route=\/wp\/v2\/types\/page"}],"author":[{"embeddable":true,"href":"https:\/\/www.escorpain.fr\/index.php?rest_route=\/wp\/v2\/users\/1"}],"replies":[{"embeddable":true,"href":"https:\/\/www.escorpain.fr\/index.php?rest_route=%2Fwp%2Fv2%2Fcomments&post=4357"}],"version-history":[{"count":1,"href":"https:\/\/www.escorpain.fr\/index.php?rest_route=\/wp\/v2\/pages\/4357\/revisions"}],"predecessor-version":[{"id":4358,"href":"https:\/\/www.escorpain.fr\/index.php?rest_route=\/wp\/v2\/pages\/4357\/revisions\/4358"}],"up":[{"embeddable":true,"href":"https:\/\/www.escorpain.fr\/index.php?rest_route=\/wp\/v2\/pages\/641"}],"wp:attachment":[{"href":"https:\/\/www.escorpain.fr\/index.php?rest_route=%2Fwp%2Fv2%2Fmedia&parent=4357"}],"curies":[{"name":"wp","href":"https:\/\/api.w.org\/{rel}","templated":true}]}}