{"id":4362,"date":"2021-01-11T08:36:40","date_gmt":"2021-01-11T07:36:40","guid":{"rendered":"https:\/\/www.escorpain.fr\/?page_id=4362"},"modified":"2021-01-11T08:36:41","modified_gmt":"2021-01-11T07:36:41","slug":"information-flora-gallica","status":"publish","type":"page","link":"https:\/\/www.escorpain.fr\/?page_id=4362","title":{"rendered":"INFORMATION FLORA GALLICA"},"content":{"rendered":"\n<p>Chers Adh\u00e9rents,<\/p>\n\n\n\n<p>2020 reste pour tous une ann\u00e9e marqu\u00e9e par le confinement, pas de nomination de Messiers garde-vignes, pas de soir\u00e9e Beaujolais, pas de Nuit des Mus\u00e9es mais, le vendredi 13 novembre, nous avons eu la visite de madame Fouzia KAMAL adjointe au maire de Dreux, charg\u00e9e de la culture, du patrimoine et du tourisme. Apr\u00e8s la visite des lieux, il appara\u00eet au travers de nos \u00e9changes que ses objectifs recouvrent totalement ceux de Flora Gallica. Se servir du patrimoine local pour faire rayonner la ville, valoriser le patrimoine artisanal historique drouais et rendre Dreux plus attractive aux touristes. Dans cet esprit et pour votre information, je vous joins un article paru dans le n\u00b0 62 de <em>L\u2019Eur\u00e9lien<\/em>.<\/p>\n\n\n\n<p>Notez bien que nous ne pouvons actuellement pr\u00e9voir la date de notre assembl\u00e9e g\u00e9n\u00e9rale. D\u00e8s que la situation le permettra, vous en serez inform\u00e9s. En attendant des jours meilleurs, prenez soin de vous et des autres.<\/p>\n\n\n\n<p>&nbsp;&nbsp;&nbsp;&nbsp;&nbsp;&nbsp;&nbsp;&nbsp;&nbsp; Amiti\u00e9s.<\/p>\n\n\n\n<p>&nbsp;&nbsp;&nbsp;&nbsp; Fran\u00e7ois Fillon&nbsp;&nbsp;&nbsp;&nbsp;&nbsp; &nbsp;&nbsp;&nbsp;&nbsp;&nbsp;&nbsp;&nbsp;&nbsp;&nbsp;&nbsp;&nbsp;&nbsp;&nbsp;&nbsp;&nbsp;&nbsp;&nbsp;&nbsp;&nbsp;&nbsp;&nbsp;&nbsp;&nbsp;&nbsp;&nbsp;&nbsp;&nbsp;&nbsp;&nbsp;&nbsp;&nbsp;&nbsp;&nbsp;&nbsp;&nbsp;&nbsp;&nbsp;&nbsp;&nbsp;&nbsp;&nbsp;&nbsp;&nbsp;&nbsp;Michel Merckel<\/p>\n\n\n\n<p>&nbsp;&nbsp; &nbsp;&nbsp;&nbsp;&nbsp;&nbsp;&nbsp;Pr\u00e9sident&nbsp;&nbsp;; Secr\u00e9taire<\/p>\n\n\n\n<figure class=\"wp-block-image size-large\"><a href=\"https:\/\/www.escorpain.fr\/wp-content\/uploads\/2020\/11\/LEurelien-n\u00b0-62_compressed.pdf\" target=\"_blank\" rel=\"noopener noreferrer\"><img loading=\"lazy\" decoding=\"async\" width=\"646\" height=\"903\" src=\"https:\/\/www.escorpain.fr\/wp-content\/uploads\/2020\/11\/vignerons-1.jpg\" alt=\"\" class=\"wp-image-4108\" srcset=\"https:\/\/www.escorpain.fr\/wp-content\/uploads\/2020\/11\/vignerons-1.jpg 646w, https:\/\/www.escorpain.fr\/wp-content\/uploads\/2020\/11\/vignerons-1-215x300.jpg 215w\" sizes=\"auto, (max-width: 646px) 100vw, 646px\" \/><\/a><\/figure>\n\n\n\n<figure class=\"wp-block-image size-large\"><a href=\"https:\/\/www.escorpain.fr\/wp-content\/uploads\/2020\/11\/LEurelien-n\u00b0-62_compressed.pdf\" target=\"_blank\" rel=\"noopener noreferrer\"><img loading=\"lazy\" decoding=\"async\" width=\"651\" height=\"909\" src=\"https:\/\/www.escorpain.fr\/wp-content\/uploads\/2020\/11\/vignerons-2.jpg\" alt=\"\" class=\"wp-image-4109\" srcset=\"https:\/\/www.escorpain.fr\/wp-content\/uploads\/2020\/11\/vignerons-2.jpg 651w, https:\/\/www.escorpain.fr\/wp-content\/uploads\/2020\/11\/vignerons-2-215x300.jpg 215w\" sizes=\"auto, (max-width: 651px) 100vw, 651px\" \/><\/a><\/figure>\n","protected":false},"excerpt":{"rendered":"<p>Chers Adh\u00e9rents, 2020 reste pour tous une ann\u00e9e marqu\u00e9e par le confinement, pas de nomination de Messiers garde-vignes, pas de soir\u00e9e Beaujolais, pas de Nuit des Mus\u00e9es mais, le vendredi 13 novembre, nous avons eu la visite de madame Fouzia KAMAL adjointe au maire de Dreux, charg\u00e9e de la culture, du patrimoine et du tourisme. &hellip; <a href=\"https:\/\/www.escorpain.fr\/?page_id=4362\" class=\"more-link\">Continuer la lecture de <span class=\"screen-reader-text\">INFORMATION FLORA GALLICA<\/span>  <span class=\"meta-nav\">&rarr;<\/span><\/a><\/p>\n","protected":false},"author":1,"featured_media":0,"parent":641,"menu_order":0,"comment_status":"closed","ping_status":"closed","template":"","meta":{"_exactmetrics_skip_tracking":false,"_exactmetrics_sitenote_active":false,"_exactmetrics_sitenote_note":"","_exactmetrics_sitenote_category":0,"_s2mail":"no","footnotes":""},"class_list":["post-4362","page","type-page","status-publish","hentry"],"_links":{"self":[{"href":"https:\/\/www.escorpain.fr\/index.php?rest_route=\/wp\/v2\/pages\/4362","targetHints":{"allow":["GET"]}}],"collection":[{"href":"https:\/\/www.escorpain.fr\/index.php?rest_route=\/wp\/v2\/pages"}],"about":[{"href":"https:\/\/www.escorpain.fr\/index.php?rest_route=\/wp\/v2\/types\/page"}],"author":[{"embeddable":true,"href":"https:\/\/www.escorpain.fr\/index.php?rest_route=\/wp\/v2\/users\/1"}],"replies":[{"embeddable":true,"href":"https:\/\/www.escorpain.fr\/index.php?rest_route=%2Fwp%2Fv2%2Fcomments&post=4362"}],"version-history":[{"count":2,"href":"https:\/\/www.escorpain.fr\/index.php?rest_route=\/wp\/v2\/pages\/4362\/revisions"}],"predecessor-version":[{"id":4364,"href":"https:\/\/www.escorpain.fr\/index.php?rest_route=\/wp\/v2\/pages\/4362\/revisions\/4364"}],"up":[{"embeddable":true,"href":"https:\/\/www.escorpain.fr\/index.php?rest_route=\/wp\/v2\/pages\/641"}],"wp:attachment":[{"href":"https:\/\/www.escorpain.fr\/index.php?rest_route=%2Fwp%2Fv2%2Fmedia&parent=4362"}],"curies":[{"name":"wp","href":"https:\/\/api.w.org\/{rel}","templated":true}]}}