{"id":52,"date":"2017-06-02T19:25:02","date_gmt":"2017-06-02T17:25:02","guid":{"rendered":"http:\/\/www.escorpain.fr\/?page_id=52"},"modified":"2017-06-16T19:36:32","modified_gmt":"2017-06-16T17:36:32","slug":"photos-du-vide-grenier-du-dimanche-5-juin-2016","status":"publish","type":"page","link":"https:\/\/www.escorpain.fr\/?page_id=52","title":{"rendered":"Vide grenier du dimanche 11 juin 2017"},"content":{"rendered":"<div id='gallery-1' class='gallery galleryid-52 gallery-columns-3 gallery-size-thumbnail'><figure class='gallery-item'>\n\t\t\t<div class='gallery-icon landscape'>\n\t\t\t\t<a href='https:\/\/www.escorpain.fr\/?attachment_id=1138'><img loading=\"lazy\" decoding=\"async\" width=\"150\" height=\"150\" src=\"https:\/\/www.escorpain.fr\/wp-content\/uploads\/2016\/08\/DSC07733-1-150x150.jpg\" class=\"attachment-thumbnail size-thumbnail\" alt=\"\" aria-describedby=\"gallery-1-1138\" \/><\/a>\n\t\t\t<\/div>\n\t\t\t\t<figcaption class='wp-caption-text gallery-caption' id='gallery-1-1138'>\n\t\t\t\tPhoto jpr\n\t\t\t\t<\/figcaption><\/figure><figure class='gallery-item'>\n\t\t\t<div class='gallery-icon landscape'>\n\t\t\t\t<a href='https:\/\/www.escorpain.fr\/?attachment_id=1139'><img loading=\"lazy\" decoding=\"async\" width=\"150\" height=\"150\" src=\"https:\/\/www.escorpain.fr\/wp-content\/uploads\/2016\/08\/DSC07734-150x150.jpg\" class=\"attachment-thumbnail size-thumbnail\" alt=\"\" aria-describedby=\"gallery-1-1139\" \/><\/a>\n\t\t\t<\/div>\n\t\t\t\t<figcaption class='wp-caption-text gallery-caption' id='gallery-1-1139'>\n\t\t\t\tPhoto jpr\n\t\t\t\t<\/figcaption><\/figure><figure class='gallery-item'>\n\t\t\t<div class='gallery-icon landscape'>\n\t\t\t\t<a href='https:\/\/www.escorpain.fr\/?attachment_id=1140'><img loading=\"lazy\" decoding=\"async\" width=\"150\" height=\"150\" src=\"https:\/\/www.escorpain.fr\/wp-content\/uploads\/2016\/08\/DSC07735-150x150.jpg\" class=\"attachment-thumbnail size-thumbnail\" alt=\"\" aria-describedby=\"gallery-1-1140\" \/><\/a>\n\t\t\t<\/div>\n\t\t\t\t<figcaption class='wp-caption-text gallery-caption' id='gallery-1-1140'>\n\t\t\t\tPhoto jpr\n\t\t\t\t<\/figcaption><\/figure><figure class='gallery-item'>\n\t\t\t<div class='gallery-icon landscape'>\n\t\t\t\t<a href='https:\/\/www.escorpain.fr\/?attachment_id=1141'><img loading=\"lazy\" decoding=\"async\" width=\"150\" height=\"150\" src=\"https:\/\/www.escorpain.fr\/wp-content\/uploads\/2016\/08\/DSC07737-150x150.jpg\" class=\"attachment-thumbnail size-thumbnail\" alt=\"\" aria-describedby=\"gallery-1-1141\" \/><\/a>\n\t\t\t<\/div>\n\t\t\t\t<figcaption class='wp-caption-text gallery-caption' id='gallery-1-1141'>\n\t\t\t\tPhoto jpr\n\t\t\t\t<\/figcaption><\/figure><figure class='gallery-item'>\n\t\t\t<div class='gallery-icon landscape'>\n\t\t\t\t<a href='https:\/\/www.escorpain.fr\/?attachment_id=1142'><img loading=\"lazy\" decoding=\"async\" width=\"150\" height=\"150\" src=\"https:\/\/www.escorpain.fr\/wp-content\/uploads\/2016\/08\/DSC07738-150x150.jpg\" class=\"attachment-thumbnail size-thumbnail\" alt=\"\" aria-describedby=\"gallery-1-1142\" \/><\/a>\n\t\t\t<\/div>\n\t\t\t\t<figcaption class='wp-caption-text gallery-caption' id='gallery-1-1142'>\n\t\t\t\tPhoto jpr\n\t\t\t\t<\/figcaption><\/figure><figure class='gallery-item'>\n\t\t\t<div class='gallery-icon landscape'>\n\t\t\t\t<a href='https:\/\/www.escorpain.fr\/?attachment_id=1143'><img loading=\"lazy\" decoding=\"async\" width=\"150\" height=\"150\" src=\"https:\/\/www.escorpain.fr\/wp-content\/uploads\/2016\/08\/DSC07739-150x150.jpg\" class=\"attachment-thumbnail size-thumbnail\" alt=\"\" aria-describedby=\"gallery-1-1143\" \/><\/a>\n\t\t\t<\/div>\n\t\t\t\t<figcaption class='wp-caption-text gallery-caption' id='gallery-1-1143'>\n\t\t\t\tPhoto jpr\n\t\t\t\t<\/figcaption><\/figure><figure class='gallery-item'>\n\t\t\t<div class='gallery-icon landscape'>\n\t\t\t\t<a href='https:\/\/www.escorpain.fr\/?attachment_id=1144'><img loading=\"lazy\" decoding=\"async\" width=\"150\" height=\"150\" src=\"https:\/\/www.escorpain.fr\/wp-content\/uploads\/2016\/08\/DSC07741-150x150.jpg\" class=\"attachment-thumbnail size-thumbnail\" alt=\"\" aria-describedby=\"gallery-1-1144\" \/><\/a>\n\t\t\t<\/div>\n\t\t\t\t<figcaption class='wp-caption-text gallery-caption' id='gallery-1-1144'>\n\t\t\t\tPhoto jpr\n\t\t\t\t<\/figcaption><\/figure><figure class='gallery-item'>\n\t\t\t<div class='gallery-icon landscape'>\n\t\t\t\t<a href='https:\/\/www.escorpain.fr\/?attachment_id=1145'><img loading=\"lazy\" decoding=\"async\" width=\"150\" height=\"150\" src=\"https:\/\/www.escorpain.fr\/wp-content\/uploads\/2016\/08\/DSC07746-150x150.jpg\" class=\"attachment-thumbnail size-thumbnail\" alt=\"\" aria-describedby=\"gallery-1-1145\" \/><\/a>\n\t\t\t<\/div>\n\t\t\t\t<figcaption class='wp-caption-text gallery-caption' id='gallery-1-1145'>\n\t\t\t\tPhoto jpr\n\t\t\t\t<\/figcaption><\/figure><figure class='gallery-item'>\n\t\t\t<div class='gallery-icon landscape'>\n\t\t\t\t<a href='https:\/\/www.escorpain.fr\/?attachment_id=1146'><img loading=\"lazy\" decoding=\"async\" width=\"150\" height=\"150\" src=\"https:\/\/www.escorpain.fr\/wp-content\/uploads\/2016\/08\/DSC07749-150x150.jpg\" class=\"attachment-thumbnail size-thumbnail\" alt=\"\" aria-describedby=\"gallery-1-1146\" \/><\/a>\n\t\t\t<\/div>\n\t\t\t\t<figcaption class='wp-caption-text gallery-caption' id='gallery-1-1146'>\n\t\t\t\tPhoto jpr\n\t\t\t\t<\/figcaption><\/figure><figure class='gallery-item'>\n\t\t\t<div class='gallery-icon landscape'>\n\t\t\t\t<a href='https:\/\/www.escorpain.fr\/?attachment_id=1147'><img loading=\"lazy\" decoding=\"async\" width=\"150\" height=\"150\" src=\"https:\/\/www.escorpain.fr\/wp-content\/uploads\/2016\/08\/DSC07753-150x150.jpg\" class=\"attachment-thumbnail size-thumbnail\" alt=\"\" aria-describedby=\"gallery-1-1147\" \/><\/a>\n\t\t\t<\/div>\n\t\t\t\t<figcaption class='wp-caption-text gallery-caption' id='gallery-1-1147'>\n\t\t\t\tPhoto jpr\n\t\t\t\t<\/figcaption><\/figure><figure class='gallery-item'>\n\t\t\t<div class='gallery-icon landscape'>\n\t\t\t\t<a href='https:\/\/www.escorpain.fr\/?attachment_id=1149'><img loading=\"lazy\" decoding=\"async\" width=\"150\" height=\"150\" src=\"https:\/\/www.escorpain.fr\/wp-content\/uploads\/2016\/08\/DSC07752-150x150.jpg\" class=\"attachment-thumbnail size-thumbnail\" alt=\"\" aria-describedby=\"gallery-1-1149\" \/><\/a>\n\t\t\t<\/div>\n\t\t\t\t<figcaption class='wp-caption-text gallery-caption' id='gallery-1-1149'>\n\t\t\t\tPhoto jpr\n\t\t\t\t<\/figcaption><\/figure><figure class='gallery-item'>\n\t\t\t<div class='gallery-icon landscape'>\n\t\t\t\t<a href='https:\/\/www.escorpain.fr\/?attachment_id=1150'><img loading=\"lazy\" decoding=\"async\" width=\"150\" height=\"150\" src=\"https:\/\/www.escorpain.fr\/wp-content\/uploads\/2016\/08\/DSC07742-150x150.jpg\" class=\"attachment-thumbnail size-thumbnail\" alt=\"\" aria-describedby=\"gallery-1-1150\" \/><\/a>\n\t\t\t<\/div>\n\t\t\t\t<figcaption class='wp-caption-text gallery-caption' id='gallery-1-1150'>\n\t\t\t\tPhoto jpr\n\t\t\t\t<\/figcaption><\/figure>\n\t\t<\/div>\n\n<p>&nbsp;<\/p>\n<p>Le Comit\u00e9 des F\u00eates d&#8217;Escorpain organisait le 11 juin dernier la foire \u00e0 tout annuelle du village.<\/p>\n<p>Contrairement \u00e0 l&#8217;an pass\u00e9, la m\u00e9t\u00e9o nous a \u00e9t\u00e9 tr\u00e8s favorable et, nombreux \u00e9taient les exposants d\u00e8s 5h30 du matin.<\/p>\n<p>En effet, sur plus de 450 m\u00e8tres, les \u00e9tals \u00e9taient r\u00e9partis tout au long de la rue de l&#8217;Eglise, heureusement ombrag\u00e9e par les arbres la bordant.<\/p>\n<p>Une grande r\u00e9ussite \u00e9galement du cot\u00e9 de la buvette o\u00f9 les visiteurs et exposants sont venus nombreux se rafra\u00eechir et se restaurer.<\/p>\n<p>Le Pr\u00e9sident du Comit\u00e9 des F\u00eates et les membres du bureau remercient tous les exposants,\u00a0 visiteurs et b\u00e9n\u00e9voles qui ont assur\u00e9 la r\u00e9ussite de cette manifestation et leur donne rendez-vous l&#8217;ann\u00e9e prochaine.<\/p>\n<p>jpr<\/p>\n","protected":false},"excerpt":{"rendered":"<p>&nbsp; Le Comit\u00e9 des F\u00eates d&#8217;Escorpain organisait le 11 juin dernier la foire \u00e0 tout annuelle du village. Contrairement \u00e0 l&#8217;an pass\u00e9, la m\u00e9t\u00e9o nous a \u00e9t\u00e9 tr\u00e8s favorable et, nombreux \u00e9taient les exposants d\u00e8s 5h30 du matin. En effet, sur plus de 450 m\u00e8tres, les \u00e9tals \u00e9taient r\u00e9partis tout au long de la rue &hellip; <a href=\"https:\/\/www.escorpain.fr\/?page_id=52\" class=\"more-link\">Continuer la lecture de <span class=\"screen-reader-text\">Vide grenier du dimanche 11 juin 2017<\/span>  <span class=\"meta-nav\">&rarr;<\/span><\/a><\/p>\n","protected":false},"author":1,"featured_media":0,"parent":10,"menu_order":1,"comment_status":"closed","ping_status":"closed","template":"","meta":{"_exactmetrics_skip_tracking":false,"_exactmetrics_sitenote_active":false,"_exactmetrics_sitenote_note":"","_exactmetrics_sitenote_category":0,"_s2mail":"yes","footnotes":""},"class_list":["post-52","page","type-page","status-publish","hentry"],"_links":{"self":[{"href":"https:\/\/www.escorpain.fr\/index.php?rest_route=\/wp\/v2\/pages\/52","targetHints":{"allow":["GET"]}}],"collection":[{"href":"https:\/\/www.escorpain.fr\/index.php?rest_route=\/wp\/v2\/pages"}],"about":[{"href":"https:\/\/www.escorpain.fr\/index.php?rest_route=\/wp\/v2\/types\/page"}],"author":[{"embeddable":true,"href":"https:\/\/www.escorpain.fr\/index.php?rest_route=\/wp\/v2\/users\/1"}],"replies":[{"embeddable":true,"href":"https:\/\/www.escorpain.fr\/index.php?rest_route=%2Fwp%2Fv2%2Fcomments&post=52"}],"version-history":[{"count":8,"href":"https:\/\/www.escorpain.fr\/index.php?rest_route=\/wp\/v2\/pages\/52\/revisions"}],"predecessor-version":[{"id":1159,"href":"https:\/\/www.escorpain.fr\/index.php?rest_route=\/wp\/v2\/pages\/52\/revisions\/1159"}],"up":[{"embeddable":true,"href":"https:\/\/www.escorpain.fr\/index.php?rest_route=\/wp\/v2\/pages\/10"}],"wp:attachment":[{"href":"https:\/\/www.escorpain.fr\/index.php?rest_route=%2Fwp%2Fv2%2Fmedia&parent=52"}],"curies":[{"name":"wp","href":"https:\/\/api.w.org\/{rel}","templated":true}]}}