{"id":585,"date":"2017-01-12T17:18:45","date_gmt":"2017-01-12T16:18:45","guid":{"rendered":"http:\/\/www.escorpain.fr\/?page_id=585"},"modified":"2017-01-12T17:17:33","modified_gmt":"2017-01-12T16:17:33","slug":"locavor","status":"publish","type":"page","link":"https:\/\/www.escorpain.fr\/?page_id=585","title":{"rendered":"LOCAVOR"},"content":{"rendered":"<p>Bonjour,<\/p>\n<p>Je souhaite vous faire part d&#8217;un nouveau service dans la r\u00e9gion qui as d\u00e9marr\u00e9 depuis Octobre,<\/p>\n<p>J&#8217;ai ouvert deux centres de distributions &#8220;Locavor&#8221; pour lequel je propose \u00e9galement un service de livraison sur diff\u00e9rentes communes ou \u00e0 domicile pour les membres qui sont int\u00e9ress\u00e9s.<\/p>\n<p>Les deux\u00a0centres de distributions &#8220;Locavor&#8221; se trouvent \u00a0:<\/p>\n<p>1- Ezy sur Eure (27530) : \u00a0<a href=\"https:\/\/locavor.fr\/93-locavor-de-ezy-sur-eure\" data-saferedirecturl=\"https:\/\/www.google.com\/url?hl=fr&amp;q=https:\/\/locavor.fr\/93-locavor-de-ezy-sur-eure&amp;source=gmail&amp;ust=1484323501458000&amp;usg=AFQjCNEhg5pBPf1Bv-FPsY7jPT2nWQA9rg\">https:\/\/locavor.fr\/93-locavor-de-ezy-sur-eure<\/a><\/p>\n<p>2- Dreux (28100) :\u00a0<a href=\"https:\/\/locavor.fr\/53-locavor-de-dreux\" data-saferedirecturl=\"https:\/\/www.google.com\/url?hl=fr&amp;q=https:\/\/locavor.fr\/53-locavor-de-dreux&amp;source=gmail&amp;ust=1484323501458000&amp;usg=AFQjCNHC5Yu09BATzEw8ckDl_EgOaSBISA\">https:\/\/locavor.fr\/53-locavor-de-dreux<\/a><\/p>\n<p>Je propose \u00e9galement des livraisons group\u00e9es dans les entreprises ou \u00e9tablissements de services publics.<\/p>\n<p>Voici le message que je diffuse pour informer les personnes de cette nouvelle possibilit\u00e9 de consommer et surtout soutenir notre agriculture et nos artisans locaux :<\/p>\n<p>Bienvenue au locavor de Ezy Sur Eure et de Dreux,<\/p>\n<p>En devenant membre, gratuitement et sans engagement, vous allez profiter des offres de nos producteurs et artisans locaux pour vous permettre de consommer des produits de qualit\u00e9s.<\/p>\n<p><a href=\"https:\/\/locavor.fr\/93-locavor-de-ezy-sur-eure\" data-saferedirecturl=\"https:\/\/www.google.com\/url?hl=fr&amp;q=https:\/\/locavor.fr\/93-locavor-de-ezy-sur-eure&amp;source=gmail&amp;ust=1484323501458000&amp;usg=AFQjCNEhg5pBPf1Bv-FPsY7jPT2nWQA9rg\">https:\/\/locavor.fr\/93-locavor-de-ezy-sur-eure<\/a><a href=\"https:\/\/locavor.fr\/93-locavor-de-ezy-sur-eure\" data-saferedirecturl=\"https:\/\/www.google.com\/url?hl=fr&amp;q=https:\/\/locavor.fr\/93-locavor-de-ezy-sur-eure&amp;source=gmail&amp;ust=1484323501458000&amp;usg=AFQjCNEhg5pBPf1Bv-FPsY7jPT2nWQA9rg\"><br \/>\n<\/a><\/p>\n<p><a href=\"https:\/\/locavor.fr\/53-locavor-de-dreux\" data-saferedirecturl=\"https:\/\/www.google.com\/url?hl=fr&amp;q=https:\/\/locavor.fr\/53-locavor-de-dreux&amp;source=gmail&amp;ust=1484323501458000&amp;usg=AFQjCNHC5Yu09BATzEw8ckDl_EgOaSBISA\">https:\/\/locavor.fr\/53-locavor-de-dreux<\/a><a href=\"https:\/\/locavor.fr\/53-locavor-de-dreux\" data-saferedirecturl=\"https:\/\/www.google.com\/url?hl=fr&amp;q=https:\/\/locavor.fr\/53-locavor-de-dreux&amp;source=gmail&amp;ust=1484323501458000&amp;usg=AFQjCNHC5Yu09BATzEw8ckDl_EgOaSBISA\"><br \/>\n<\/a><\/p>\n<p>Vous recevrez un Email pour vous pr\u00e9venir du lancement des ventes sur Internet avec plus d&#8217;informations sur les produits propos\u00e9s par nos producteurs.<\/p>\n<p>Dans notre catalogue, vous trouverez uniquement des produits fermiers et artisanaux en fonction de la saison et de la production locale : produits laitiers, l\u00e9gumes, fruits, viandes, volailles, fromages, boissons, farines, miel, huiles, jus de fruits, p\u00e2tes, cosm\u00e9tiques, bi\u00e8res, confitures, tisanes, \u2026<\/p>\n<p>Merci par avance de diffuser dans votre commune, je reste \u00e0 votre disposition pour vous expliquer plus en d\u00e9tail le principe si vous le d\u00e9sirez.<\/p>\n<p>Locavorement votre.<\/p>\n<p>Franck LEBOSSET<\/p>\n<p><a href=\"mailto:locavor.ezysureure@gmail.com\">locavor.ezysureure@gmail.com<\/a><\/p>\n<p>GSM : +33 (0) 614 127 252<\/p>\n<p><a href=\"https:\/\/locavor.fr\/93-locavor-de-ezy-sur-eure\" data-saferedirecturl=\"https:\/\/www.google.com\/url?hl=fr&amp;q=https:\/\/locavor.fr\/93-locavor-de-ezy-sur-eure&amp;source=gmail&amp;ust=1484323501458000&amp;usg=AFQjCNEhg5pBPf1Bv-FPsY7jPT2nWQA9rg\">https:\/\/locavor.fr\/93-locavor-de-ezy-sur-eure<\/a><\/p>\n<p><a href=\"https:\/\/locavor.fr\/53-locavor-de-dreux\" data-saferedirecturl=\"https:\/\/www.google.com\/url?hl=fr&amp;q=https:\/\/locavor.fr\/53-locavor-de-dreux&amp;source=gmail&amp;ust=1484323501458000&amp;usg=AFQjCNHC5Yu09BATzEw8ckDl_EgOaSBISA\">https:\/\/locavor.fr\/53-locavor-de-dreux<\/a><\/p>\n<p><a href=\"https:\/\/www.facebook.com\/locavorezysureure\/\" data-saferedirecturl=\"https:\/\/www.google.com\/url?hl=fr&amp;q=https:\/\/www.facebook.com\/locavorezysureure\/&amp;source=gmail&amp;ust=1484323501458000&amp;usg=AFQjCNHuQIvPjIdjMQ0u24GqjuZVWKKxlw\">https:\/\/www.facebook.com\/locavorezysureure\/<\/a><\/p>\n<p><a href=\"http:\/\/www.escorpain.fr\/?attachment_id=586\" rel=\"attachment wp-att-586\"><img loading=\"lazy\" decoding=\"async\" class=\"alignnone size-full wp-image-586\" src=\"http:\/\/www.escorpain.fr\/wp-content\/uploads\/2017\/01\/locavor.png\" alt=\"\" width=\"248\" height=\"248\" srcset=\"https:\/\/www.escorpain.fr\/wp-content\/uploads\/2017\/01\/locavor.png 248w, https:\/\/www.escorpain.fr\/wp-content\/uploads\/2017\/01\/locavor-150x150.png 150w\" sizes=\"auto, (max-width: 248px) 100vw, 248px\" \/><\/a><\/p>\n","protected":false},"excerpt":{"rendered":"<p>Bonjour, Je souhaite vous faire part d&#8217;un nouveau service dans la r\u00e9gion qui as d\u00e9marr\u00e9 depuis Octobre, J&#8217;ai ouvert deux centres de distributions &#8220;Locavor&#8221; pour lequel je propose \u00e9galement un service de livraison sur diff\u00e9rentes communes ou \u00e0 domicile pour les membres qui sont int\u00e9ress\u00e9s. Les deux\u00a0centres de distributions &#8220;Locavor&#8221; se trouvent \u00a0: 1- Ezy &hellip; <a href=\"https:\/\/www.escorpain.fr\/?page_id=585\" class=\"more-link\">Continuer la lecture de <span class=\"screen-reader-text\">LOCAVOR<\/span>  <span class=\"meta-nav\">&rarr;<\/span><\/a><\/p>\n","protected":false},"author":1,"featured_media":0,"parent":588,"menu_order":0,"comment_status":"closed","ping_status":"closed","template":"","meta":{"_exactmetrics_skip_tracking":false,"_exactmetrics_sitenote_active":false,"_exactmetrics_sitenote_note":"","_exactmetrics_sitenote_category":0,"_s2mail":"yes","footnotes":""},"class_list":["post-585","page","type-page","status-publish","hentry"],"_links":{"self":[{"href":"https:\/\/www.escorpain.fr\/index.php?rest_route=\/wp\/v2\/pages\/585","targetHints":{"allow":["GET"]}}],"collection":[{"href":"https:\/\/www.escorpain.fr\/index.php?rest_route=\/wp\/v2\/pages"}],"about":[{"href":"https:\/\/www.escorpain.fr\/index.php?rest_route=\/wp\/v2\/types\/page"}],"author":[{"embeddable":true,"href":"https:\/\/www.escorpain.fr\/index.php?rest_route=\/wp\/v2\/users\/1"}],"replies":[{"embeddable":true,"href":"https:\/\/www.escorpain.fr\/index.php?rest_route=%2Fwp%2Fv2%2Fcomments&post=585"}],"version-history":[{"count":1,"href":"https:\/\/www.escorpain.fr\/index.php?rest_route=\/wp\/v2\/pages\/585\/revisions"}],"predecessor-version":[{"id":587,"href":"https:\/\/www.escorpain.fr\/index.php?rest_route=\/wp\/v2\/pages\/585\/revisions\/587"}],"up":[{"embeddable":true,"href":"https:\/\/www.escorpain.fr\/index.php?rest_route=\/wp\/v2\/pages\/588"}],"wp:attachment":[{"href":"https:\/\/www.escorpain.fr\/index.php?rest_route=%2Fwp%2Fv2%2Fmedia&parent=585"}],"curies":[{"name":"wp","href":"https:\/\/api.w.org\/{rel}","templated":true}]}}