{"id":6027,"date":"2022-02-07T10:45:28","date_gmt":"2022-02-07T09:45:28","guid":{"rendered":"https:\/\/www.escorpain.fr\/?page_id=6027"},"modified":"2022-02-07T10:45:29","modified_gmt":"2022-02-07T09:45:29","slug":"perceval","status":"publish","type":"page","link":"https:\/\/www.escorpain.fr\/?page_id=6027","title":{"rendered":"PERCEVAL"},"content":{"rendered":"\n<figure class=\"wp-block-image size-full\"><img loading=\"lazy\" decoding=\"async\" width=\"907\" height=\"647\" src=\"https:\/\/www.escorpain.fr\/wp-content\/uploads\/2018\/06\/Perceval1.jpg\" alt=\"\" class=\"wp-image-1814\" srcset=\"https:\/\/www.escorpain.fr\/wp-content\/uploads\/2018\/06\/Perceval1.jpg 907w, https:\/\/www.escorpain.fr\/wp-content\/uploads\/2018\/06\/Perceval1-300x214.jpg 300w, https:\/\/www.escorpain.fr\/wp-content\/uploads\/2018\/06\/Perceval1-768x548.jpg 768w\" sizes=\"auto, (max-width: 907px) 100vw, 907px\" \/><\/figure>\n\n\n\n<figure class=\"wp-block-image size-full\"><img loading=\"lazy\" decoding=\"async\" width=\"902\" height=\"629\" src=\"https:\/\/www.escorpain.fr\/wp-content\/uploads\/2018\/06\/Perceval2.jpg\" alt=\"\" class=\"wp-image-1815\" srcset=\"https:\/\/www.escorpain.fr\/wp-content\/uploads\/2018\/06\/Perceval2.jpg 902w, https:\/\/www.escorpain.fr\/wp-content\/uploads\/2018\/06\/Perceval2-300x209.jpg 300w, https:\/\/www.escorpain.fr\/wp-content\/uploads\/2018\/06\/Perceval2-768x536.jpg 768w\" sizes=\"auto, (max-width: 902px) 100vw, 902px\" \/><\/figure>\n\n\n\n<p><strong>Quels recours possibles contre des frais bancaires abusifs ?\u00a0<\/strong><\/p>\n\n\n\n<p>Lorsqu\u2019un client constate des frais abusifs sur son relev\u00e9 de compte, comme par exemple des frais pour <a href=\"https:\/\/www.service-public.fr\/particuliers\/vosdroits\/F2421\" target=\"_blank\" rel=\"noreferrer noopener\">un retrait d\u2019esp\u00e8ces<\/a> \u00e0 un distributeur de sa banque, il dispose de <strong>2 ans<\/strong> pour en faire la r\u00e9clamation aupr\u00e8s de son \u00e9tablissement bancaire.&nbsp;<\/p>\n\n\n\n<p>Il est toujours recommand\u00e9 <strong>d\u2019en parler en premier lieu \u00e0 son conseiller<\/strong>. En effet, il peut arriver que ce soit une erreur, les \u00e9tablissements proc\u00e8dent alors <strong>naturellement au remboursement<\/strong>.&nbsp;<\/p>\n\n\n\n<p>Si le conseiller ne donne pas suite \u00e0 cette conversation, il convient alors <strong>d\u2019envoyer une demande de remboursement \u00e9crite<\/strong>, en recommand\u00e9 avec accus\u00e9 de r\u00e9ception.&nbsp;<\/p>\n\n\n\n<p>Si l\u2019\u00e9tablissement n\u2019intervient pas suite \u00e0 cette demande, il est possible de se tourner vers le <strong>Conciliateur de justice<\/strong>, rattach\u00e9 au Tribunal d\u2019Instance de son lieu de r\u00e9sidence, voire directement vers le<strong> Tribunal d\u2019Instance<\/strong> (ou de Grande Instance si le dommage d\u00e9passe 10 000\u20ac) lui-m\u00eame.<\/p>\n\n\n\n<p><br>La loi pour la <strong>mobilit\u00e9 bancaire<\/strong> permet \u00e9galement de faciliter les d\u00e9marches pour changer de banque \u00e0 tout moment. Si le client trouve les frais de sa banque trop \u00e9lev\u00e9s, il peut souvent b\u00e9n\u00e9ficier de <a href=\"https:\/\/selectra.info\/finance\/guides\/banque-en-ligne\" target=\"_blank\" rel=\"noreferrer noopener\">frais moindres en choisissant une banque en ligne<\/a>, qui ont g\u00e9n\u00e9ralement des frais de gestion plus faibles.<\/p>\n","protected":false},"excerpt":{"rendered":"<p>Quels recours possibles contre des frais bancaires abusifs ?\u00a0 Lorsqu\u2019un client constate des frais abusifs sur son relev\u00e9 de compte, comme par exemple des frais pour un retrait d\u2019esp\u00e8ces \u00e0 un distributeur de sa banque, il dispose de 2 ans pour en faire la r\u00e9clamation aupr\u00e8s de son \u00e9tablissement bancaire.&nbsp; Il est toujours recommand\u00e9 d\u2019en &hellip; <a href=\"https:\/\/www.escorpain.fr\/?page_id=6027\" class=\"more-link\">Continuer la lecture de <span class=\"screen-reader-text\">PERCEVAL<\/span>  <span class=\"meta-nav\">&rarr;<\/span><\/a><\/p>\n","protected":false},"author":1,"featured_media":0,"parent":0,"menu_order":0,"comment_status":"closed","ping_status":"closed","template":"","meta":{"_exactmetrics_skip_tracking":false,"_exactmetrics_sitenote_active":false,"_exactmetrics_sitenote_note":"","_exactmetrics_sitenote_category":0,"_s2mail":"yes","footnotes":""},"class_list":["post-6027","page","type-page","status-publish","hentry"],"_links":{"self":[{"href":"https:\/\/www.escorpain.fr\/index.php?rest_route=\/wp\/v2\/pages\/6027","targetHints":{"allow":["GET"]}}],"collection":[{"href":"https:\/\/www.escorpain.fr\/index.php?rest_route=\/wp\/v2\/pages"}],"about":[{"href":"https:\/\/www.escorpain.fr\/index.php?rest_route=\/wp\/v2\/types\/page"}],"author":[{"embeddable":true,"href":"https:\/\/www.escorpain.fr\/index.php?rest_route=\/wp\/v2\/users\/1"}],"replies":[{"embeddable":true,"href":"https:\/\/www.escorpain.fr\/index.php?rest_route=%2Fwp%2Fv2%2Fcomments&post=6027"}],"version-history":[{"count":2,"href":"https:\/\/www.escorpain.fr\/index.php?rest_route=\/wp\/v2\/pages\/6027\/revisions"}],"predecessor-version":[{"id":6030,"href":"https:\/\/www.escorpain.fr\/index.php?rest_route=\/wp\/v2\/pages\/6027\/revisions\/6030"}],"wp:attachment":[{"href":"https:\/\/www.escorpain.fr\/index.php?rest_route=%2Fwp%2Fv2%2Fmedia&parent=6027"}],"curies":[{"name":"wp","href":"https:\/\/api.w.org\/{rel}","templated":true}]}}