{"id":6397,"date":"2022-05-04T14:24:55","date_gmt":"2022-05-04T12:24:55","guid":{"rendered":"https:\/\/www.escorpain.fr\/?page_id=6397"},"modified":"2023-06-21T15:47:09","modified_gmt":"2023-06-21T13:47:09","slug":"debit-internet-et-fibre-optique","status":"publish","type":"page","link":"https:\/\/www.escorpain.fr\/?page_id=6397","title":{"rendered":"D\u00e9bit Internet : fibre optique et 5G"},"content":{"rendered":"\n<p>De nouvelles technologies apparaissent dans le secteur de la t\u00e9l\u00e9communication sur notre territoire.<\/p>\n\n\n\n<p>On peut retrouver par exemple la fibre optique et <a href=\"https:\/\/www.entreprises.gouv.fr\/fr\/strategie5G\" target=\"_blank\" rel=\"noreferrer noopener\">la 5G<\/a>, ces deux technologies permettant une connexion beaucoup plus rapide que leurs pr\u00e9d\u00e9cesseurs.<\/p>\n\n\n\n<p>Pour pouvoir en b\u00e9n\u00e9ficier, vous devez souscrire \u00e0 une offre aupr\u00e8s d\u2019un op\u00e9rateur.<\/p>\n\n\n\n<p>Les offres \u00e9tant particuli\u00e8rement nombreuses, il peut \u00eatre int\u00e9ressant de comparer ces derni\u00e8res pour pouvoir par exemple b\u00e9n\u00e9ficier du <a href=\"https:\/\/selectra.info\/telecom\/guides\/comparatifs\/forfait-mobile-top10\" target=\"_blank\" rel=\"noreferrer noopener\">meilleur forfait mobile du moment<\/a>, en prenant en compte le nombre de data disponibles, le prix ou encore les avis clients.<\/p>\n","protected":false},"excerpt":{"rendered":"<p>De nouvelles technologies apparaissent dans le secteur de la t\u00e9l\u00e9communication sur notre territoire. On peut retrouver par exemple la fibre optique et la 5G, ces deux technologies permettant une connexion beaucoup plus rapide que leurs pr\u00e9d\u00e9cesseurs. Pour pouvoir en b\u00e9n\u00e9ficier, vous devez souscrire \u00e0 une offre aupr\u00e8s d\u2019un op\u00e9rateur. Les offres \u00e9tant particuli\u00e8rement nombreuses, il &hellip; <a href=\"https:\/\/www.escorpain.fr\/?page_id=6397\" class=\"more-link\">Continuer la lecture de <span class=\"screen-reader-text\">D\u00e9bit Internet : fibre optique et 5G<\/span>  <span class=\"meta-nav\">&rarr;<\/span><\/a><\/p>\n","protected":false},"author":1,"featured_media":0,"parent":0,"menu_order":0,"comment_status":"closed","ping_status":"closed","template":"","meta":{"_exactmetrics_skip_tracking":false,"_exactmetrics_sitenote_active":false,"_exactmetrics_sitenote_note":"","_exactmetrics_sitenote_category":0,"_s2mail":"no","footnotes":""},"class_list":["post-6397","page","type-page","status-publish","hentry"],"_links":{"self":[{"href":"https:\/\/www.escorpain.fr\/index.php?rest_route=\/wp\/v2\/pages\/6397","targetHints":{"allow":["GET"]}}],"collection":[{"href":"https:\/\/www.escorpain.fr\/index.php?rest_route=\/wp\/v2\/pages"}],"about":[{"href":"https:\/\/www.escorpain.fr\/index.php?rest_route=\/wp\/v2\/types\/page"}],"author":[{"embeddable":true,"href":"https:\/\/www.escorpain.fr\/index.php?rest_route=\/wp\/v2\/users\/1"}],"replies":[{"embeddable":true,"href":"https:\/\/www.escorpain.fr\/index.php?rest_route=%2Fwp%2Fv2%2Fcomments&post=6397"}],"version-history":[{"count":2,"href":"https:\/\/www.escorpain.fr\/index.php?rest_route=\/wp\/v2\/pages\/6397\/revisions"}],"predecessor-version":[{"id":7987,"href":"https:\/\/www.escorpain.fr\/index.php?rest_route=\/wp\/v2\/pages\/6397\/revisions\/7987"}],"wp:attachment":[{"href":"https:\/\/www.escorpain.fr\/index.php?rest_route=%2Fwp%2Fv2%2Fmedia&parent=6397"}],"curies":[{"name":"wp","href":"https:\/\/api.w.org\/{rel}","templated":true}]}}