{"id":7709,"date":"2023-04-21T08:23:02","date_gmt":"2023-04-21T06:23:02","guid":{"rendered":"https:\/\/www.escorpain.fr\/?page_id=7709"},"modified":"2023-04-21T08:23:02","modified_gmt":"2023-04-21T06:23:02","slug":"liste-des-deliberations-approuvees","status":"publish","type":"page","link":"https:\/\/www.escorpain.fr\/?page_id=7709","title":{"rendered":"Liste des d\u00e9lib\u00e9rations approuv\u00e9es"},"content":{"rendered":"\n<figure class=\"wp-block-image size-large\"><a href=\"https:\/\/www.escorpain.fr\/wp-content\/uploads\/2022\/12\/Liste-des-deliberations-221208.pdf\" target=\"_blank\" rel=\"noreferrer noopener\"><img loading=\"lazy\" decoding=\"async\" width=\"1020\" height=\"1024\" src=\"https:\/\/www.escorpain.fr\/wp-content\/uploads\/2022\/12\/image-8-1020x1024.png\" alt=\"\" class=\"wp-image-7268\" srcset=\"https:\/\/www.escorpain.fr\/wp-content\/uploads\/2022\/12\/image-8-1020x1024.png 1020w, https:\/\/www.escorpain.fr\/wp-content\/uploads\/2022\/12\/image-8-300x300.png 300w, https:\/\/www.escorpain.fr\/wp-content\/uploads\/2022\/12\/image-8-150x150.png 150w, https:\/\/www.escorpain.fr\/wp-content\/uploads\/2022\/12\/image-8-768x771.png 768w, https:\/\/www.escorpain.fr\/wp-content\/uploads\/2022\/12\/image-8.png 1059w\" sizes=\"auto, (max-width: 1020px) 100vw, 1020px\" \/><\/a><\/figure>\n","protected":false},"excerpt":{"rendered":"","protected":false},"author":1,"featured_media":0,"parent":2439,"menu_order":0,"comment_status":"closed","ping_status":"closed","template":"","meta":{"_exactmetrics_skip_tracking":false,"_exactmetrics_sitenote_active":false,"_exactmetrics_sitenote_note":"","_exactmetrics_sitenote_category":0,"_s2mail":"no","footnotes":""},"class_list":["post-7709","page","type-page","status-publish","hentry"],"_links":{"self":[{"href":"https:\/\/www.escorpain.fr\/index.php?rest_route=\/wp\/v2\/pages\/7709","targetHints":{"allow":["GET"]}}],"collection":[{"href":"https:\/\/www.escorpain.fr\/index.php?rest_route=\/wp\/v2\/pages"}],"about":[{"href":"https:\/\/www.escorpain.fr\/index.php?rest_route=\/wp\/v2\/types\/page"}],"author":[{"embeddable":true,"href":"https:\/\/www.escorpain.fr\/index.php?rest_route=\/wp\/v2\/users\/1"}],"replies":[{"embeddable":true,"href":"https:\/\/www.escorpain.fr\/index.php?rest_route=%2Fwp%2Fv2%2Fcomments&post=7709"}],"version-history":[{"count":1,"href":"https:\/\/www.escorpain.fr\/index.php?rest_route=\/wp\/v2\/pages\/7709\/revisions"}],"predecessor-version":[{"id":7710,"href":"https:\/\/www.escorpain.fr\/index.php?rest_route=\/wp\/v2\/pages\/7709\/revisions\/7710"}],"up":[{"embeddable":true,"href":"https:\/\/www.escorpain.fr\/index.php?rest_route=\/wp\/v2\/pages\/2439"}],"wp:attachment":[{"href":"https:\/\/www.escorpain.fr\/index.php?rest_route=%2Fwp%2Fv2%2Fmedia&parent=7709"}],"curies":[{"name":"wp","href":"https:\/\/api.w.org\/{rel}","templated":true}]}}