{"id":7751,"date":"2023-05-04T13:51:28","date_gmt":"2023-05-04T11:51:28","guid":{"rendered":"https:\/\/www.escorpain.fr\/?page_id=7751"},"modified":"2023-05-04T13:53:05","modified_gmt":"2023-05-04T11:53:05","slug":"collecte-des-verres","status":"publish","type":"page","link":"https:\/\/www.escorpain.fr\/?page_id=7751","title":{"rendered":"Collecte des verres"},"content":{"rendered":"\n<h2 class=\"wp-block-heading\"><strong>R\u00e8gles et consignes de tri<\/strong><\/h2>\n\n\n\n<h2 class=\"wp-block-heading\">D\u00e9chets accept\u00e9s :<\/h2>\n\n\n\n<p>bouteilles en verre<br>bocaux en verre<br>pot de confiture<br>pot de yaourt en verre<br>pot de moutarde<br>pot de mayonnaise<br>pot de p\u00e2te \u00e0 tartiner<br>bocal de cornichons<br>bocal de l\u00e9gumes<br>petit pot b\u00e9b\u00e9<br>bouteille en verre jus de fruit<br>bouteille de vin<br>bouteille d&#8217;alcool<br>flacon de parfum<br>bocal de sauce tomate<br>bocal de compote<br><\/p>\n\n\n\n<h2 class=\"wp-block-heading\">D\u00e9chets <strong>interdits<\/strong><\/h2>\n\n\n\n<p><em><mark style=\"background-color:rgba(0, 0, 0, 0);color:#ec5151\" class=\"has-inline-color\"><strong>vaisselle<br>miroirs<br>ampoules<br>vitres<\/strong><\/mark><\/em><\/p>\n\n\n\n<p><em><strong>Info application smartphone<\/strong><\/em><\/p>\n\n\n\n<p>Vous pouvez trouver l&#8217;application pour vos smartphones en cherchant dans les play stores Android ou IOS &#8220;d\u00e9chets Dreux&#8221; et vous trouverez l&#8217;appli &#8220;Mes d\u00e9chets &#8211; Agglo Pays Dreux&#8221; <\/p>\n\n\n<div class=\"wp-block-image\">\n<figure class=\"aligncenter size-large is-resized\"><img loading=\"lazy\" decoding=\"async\" src=\"https:\/\/www.escorpain.fr\/wp-content\/uploads\/2017\/04\/Escorpain-0-1024x405.jpg\" alt=\"\" class=\"wp-image-1079\" width=\"201\" height=\"79\" srcset=\"https:\/\/www.escorpain.fr\/wp-content\/uploads\/2017\/04\/Escorpain-0-1024x405.jpg 1024w, https:\/\/www.escorpain.fr\/wp-content\/uploads\/2017\/04\/Escorpain-0-300x119.jpg 300w, https:\/\/www.escorpain.fr\/wp-content\/uploads\/2017\/04\/Escorpain-0-768x304.jpg 768w\" sizes=\"auto, (max-width: 201px) 100vw, 201px\" \/><\/figure>\n<\/div>","protected":false},"excerpt":{"rendered":"<p>R\u00e8gles et consignes de tri D\u00e9chets accept\u00e9s : bouteilles en verrebocaux en verrepot de confiturepot de yaourt en verrepot de moutardepot de mayonnaisepot de p\u00e2te \u00e0 tartinerbocal de cornichonsbocal de l\u00e9gumespetit pot b\u00e9b\u00e9bouteille en verre jus de fruitbouteille de vinbouteille d&#8217;alcoolflacon de parfumbocal de sauce tomatebocal de compote D\u00e9chets interdits vaissellemiroirsampoulesvitres Info application smartphone Vous &hellip; <a href=\"https:\/\/www.escorpain.fr\/?page_id=7751\" class=\"more-link\">Continuer la lecture de <span class=\"screen-reader-text\">Collecte des verres<\/span>  <span class=\"meta-nav\">&rarr;<\/span><\/a><\/p>\n","protected":false},"author":1,"featured_media":0,"parent":0,"menu_order":0,"comment_status":"closed","ping_status":"closed","template":"","meta":{"_exactmetrics_skip_tracking":false,"_exactmetrics_sitenote_active":false,"_exactmetrics_sitenote_note":"","_exactmetrics_sitenote_category":0,"_s2mail":"no","footnotes":""},"class_list":["post-7751","page","type-page","status-publish","hentry"],"_links":{"self":[{"href":"https:\/\/www.escorpain.fr\/index.php?rest_route=\/wp\/v2\/pages\/7751","targetHints":{"allow":["GET"]}}],"collection":[{"href":"https:\/\/www.escorpain.fr\/index.php?rest_route=\/wp\/v2\/pages"}],"about":[{"href":"https:\/\/www.escorpain.fr\/index.php?rest_route=\/wp\/v2\/types\/page"}],"author":[{"embeddable":true,"href":"https:\/\/www.escorpain.fr\/index.php?rest_route=\/wp\/v2\/users\/1"}],"replies":[{"embeddable":true,"href":"https:\/\/www.escorpain.fr\/index.php?rest_route=%2Fwp%2Fv2%2Fcomments&post=7751"}],"version-history":[{"count":2,"href":"https:\/\/www.escorpain.fr\/index.php?rest_route=\/wp\/v2\/pages\/7751\/revisions"}],"predecessor-version":[{"id":7755,"href":"https:\/\/www.escorpain.fr\/index.php?rest_route=\/wp\/v2\/pages\/7751\/revisions\/7755"}],"wp:attachment":[{"href":"https:\/\/www.escorpain.fr\/index.php?rest_route=%2Fwp%2Fv2%2Fmedia&parent=7751"}],"curies":[{"name":"wp","href":"https:\/\/api.w.org\/{rel}","templated":true}]}}