{"id":8043,"date":"2023-07-03T10:28:03","date_gmt":"2023-07-03T08:28:03","guid":{"rendered":"https:\/\/www.escorpain.fr\/?page_id=8043"},"modified":"2023-07-03T10:28:04","modified_gmt":"2023-07-03T08:28:04","slug":"liste-des-deliberations-approuvees-13-mars-2023","status":"publish","type":"page","link":"https:\/\/www.escorpain.fr\/?page_id=8043","title":{"rendered":"Liste des d\u00e9lib\u00e9rations approuv\u00e9es 13 mars 2023"},"content":{"rendered":"\n<figure class=\"wp-block-image size-full\"><a href=\"https:\/\/www.escorpain.fr\/wp-content\/uploads\/2023\/07\/Liste-deliberation-130323.pdf\" target=\"_blank\" rel=\"noreferrer noopener\"><img loading=\"lazy\" decoding=\"async\" width=\"767\" height=\"916\" src=\"https:\/\/www.escorpain.fr\/wp-content\/uploads\/2023\/07\/image-11.png\" alt=\"\" class=\"wp-image-8044\" srcset=\"https:\/\/www.escorpain.fr\/wp-content\/uploads\/2023\/07\/image-11.png 767w, https:\/\/www.escorpain.fr\/wp-content\/uploads\/2023\/07\/image-11-251x300.png 251w\" sizes=\"auto, (max-width: 767px) 100vw, 767px\" \/><\/a><\/figure>\n","protected":false},"excerpt":{"rendered":"","protected":false},"author":1,"featured_media":0,"parent":0,"menu_order":0,"comment_status":"closed","ping_status":"closed","template":"","meta":{"_exactmetrics_skip_tracking":false,"_exactmetrics_sitenote_active":false,"_exactmetrics_sitenote_note":"","_exactmetrics_sitenote_category":0,"_s2mail":"no","footnotes":""},"class_list":["post-8043","page","type-page","status-publish","hentry"],"_links":{"self":[{"href":"https:\/\/www.escorpain.fr\/index.php?rest_route=\/wp\/v2\/pages\/8043","targetHints":{"allow":["GET"]}}],"collection":[{"href":"https:\/\/www.escorpain.fr\/index.php?rest_route=\/wp\/v2\/pages"}],"about":[{"href":"https:\/\/www.escorpain.fr\/index.php?rest_route=\/wp\/v2\/types\/page"}],"author":[{"embeddable":true,"href":"https:\/\/www.escorpain.fr\/index.php?rest_route=\/wp\/v2\/users\/1"}],"replies":[{"embeddable":true,"href":"https:\/\/www.escorpain.fr\/index.php?rest_route=%2Fwp%2Fv2%2Fcomments&post=8043"}],"version-history":[{"count":1,"href":"https:\/\/www.escorpain.fr\/index.php?rest_route=\/wp\/v2\/pages\/8043\/revisions"}],"predecessor-version":[{"id":8046,"href":"https:\/\/www.escorpain.fr\/index.php?rest_route=\/wp\/v2\/pages\/8043\/revisions\/8046"}],"wp:attachment":[{"href":"https:\/\/www.escorpain.fr\/index.php?rest_route=%2Fwp%2Fv2%2Fmedia&parent=8043"}],"curies":[{"name":"wp","href":"https:\/\/api.w.org\/{rel}","templated":true}]}}