{"id":832,"date":"2017-02-16T09:21:54","date_gmt":"2017-02-16T08:21:54","guid":{"rendered":"http:\/\/www.escorpain.fr\/?page_id=832"},"modified":"2017-02-16T09:21:54","modified_gmt":"2017-02-16T08:21:54","slug":"conseils-municipaux","status":"publish","type":"page","link":"https:\/\/www.escorpain.fr\/?page_id=832","title":{"rendered":"Conseils municipaux"},"content":{"rendered":"<p>Au conseil municipal, des d\u00e9cisions pour tous.<\/p>\n<p>Repr\u00e9sentant les habitants, le Conseil municipal r\u00e8gle par ses d\u00e9lib\u00e9rations les affaires de la commune. Il vote le budget annuel de la commune, il est comp\u00e9tent en mati\u00e8re de services publics municipaux, de gestion des travaux et d\u2019entretien du patrimoine communal.<\/p>\n<p>Le Conseil municipal d&#8217;Escorpain est compos\u00e9 de 11\u00a0\u00e9lus. Ces 11\u00a0conseillers municipaux donnent leur avis sur une foule de sujets qui concernent votre vie quotidienne&#8230;<\/p>\n","protected":false},"excerpt":{"rendered":"<p>Au conseil municipal, des d\u00e9cisions pour tous. Repr\u00e9sentant les habitants, le Conseil municipal r\u00e8gle par ses d\u00e9lib\u00e9rations les affaires de la commune. Il vote le budget annuel de la commune, il est comp\u00e9tent en mati\u00e8re de services publics municipaux, de gestion des travaux et d\u2019entretien du patrimoine communal. Le Conseil municipal d&#8217;Escorpain est compos\u00e9 de &hellip; <a href=\"https:\/\/www.escorpain.fr\/?page_id=832\" class=\"more-link\">Continuer la lecture de <span class=\"screen-reader-text\">Conseils municipaux<\/span>  <span class=\"meta-nav\">&rarr;<\/span><\/a><\/p>\n","protected":false},"author":1,"featured_media":0,"parent":34,"menu_order":0,"comment_status":"closed","ping_status":"closed","template":"","meta":{"_exactmetrics_skip_tracking":false,"_exactmetrics_sitenote_active":false,"_exactmetrics_sitenote_note":"","_exactmetrics_sitenote_category":0,"_s2mail":"no","footnotes":""},"class_list":["post-832","page","type-page","status-publish","hentry"],"_links":{"self":[{"href":"https:\/\/www.escorpain.fr\/index.php?rest_route=\/wp\/v2\/pages\/832","targetHints":{"allow":["GET"]}}],"collection":[{"href":"https:\/\/www.escorpain.fr\/index.php?rest_route=\/wp\/v2\/pages"}],"about":[{"href":"https:\/\/www.escorpain.fr\/index.php?rest_route=\/wp\/v2\/types\/page"}],"author":[{"embeddable":true,"href":"https:\/\/www.escorpain.fr\/index.php?rest_route=\/wp\/v2\/users\/1"}],"replies":[{"embeddable":true,"href":"https:\/\/www.escorpain.fr\/index.php?rest_route=%2Fwp%2Fv2%2Fcomments&post=832"}],"version-history":[{"count":1,"href":"https:\/\/www.escorpain.fr\/index.php?rest_route=\/wp\/v2\/pages\/832\/revisions"}],"predecessor-version":[{"id":833,"href":"https:\/\/www.escorpain.fr\/index.php?rest_route=\/wp\/v2\/pages\/832\/revisions\/833"}],"up":[{"embeddable":true,"href":"https:\/\/www.escorpain.fr\/index.php?rest_route=\/wp\/v2\/pages\/34"}],"wp:attachment":[{"href":"https:\/\/www.escorpain.fr\/index.php?rest_route=%2Fwp%2Fv2%2Fmedia&parent=832"}],"curies":[{"name":"wp","href":"https:\/\/api.w.org\/{rel}","templated":true}]}}