{"id":861,"date":"2017-05-07T16:30:06","date_gmt":"2017-05-07T14:30:06","guid":{"rendered":"http:\/\/www.escorpain.fr\/?page_id=861"},"modified":"2022-11-04T10:53:06","modified_gmt":"2022-11-04T09:53:06","slug":"administratif","status":"publish","type":"page","link":"https:\/\/www.escorpain.fr\/?page_id=861","title":{"rendered":"Administratif"},"content":{"rendered":"\n<p>La formalit\u00e9 pour l&#8217;obtention d&#8217;un certificat d&#8217;immatriculation (carte grise) s\u2019effectue \u00e0 pr\u00e9sent de mani\u00e8re totalement num\u00e9ris\u00e9e. Pour cela, il existe deux options :&nbsp;<\/p>\n\n\n\n<ul class=\"wp-block-list\"><li>&nbsp;En passant par le site de l\u2019ANTS :<a href=\"https:\/\/immatriculation.ants.gouv.fr\/\" target=\"_blank\" rel=\"noreferrer noopener\"> https:\/\/immatriculation.ants.gouv.fr\/<\/a><\/li><li>Ou directement chez un professionnel de l&#8217;automobile agr\u00e9\u00e9 par la pr\u00e9fecture :<a href=\"https:\/\/www.vroomly.com\/garage-28\/\" target=\"_blank\" rel=\"noreferrer noopener\"> Garagistes dans le d\u00e9partement de l&#8217;Eure-et-Loir (28)<\/a><\/li><\/ul>\n\n\n\n<p>Afin d&#8217;\u00e9viter tout type d\u2019arnaque concernant ces d\u00e9marches, de s&#8217;informer sur le co\u00fbt r\u00e9el du certificat d&#8217;immatriculation, vous avez la possibilit\u00e9 de consulter ces informations en<a href=\"https:\/\/www.vroomly.com\/blog\/quel-est-le-prix-dune-carte-grise\/\" target=\"_blank\" rel=\"noreferrer noopener\"> cliquant ici.<\/a><\/p>\n\n\n\n<p>Pour les \u00e9tapes concernant la demande de la carte grise, vous pouvez vous en r\u00e9f\u00e9rer \u00e0 ce<a rel=\"noreferrer noopener\" href=\"https:\/\/www.courroie-distribution.fr\/blog\/comment-faire-une-carte-grise\/\" target=\"_blank\"> guide carte grise<\/a><\/p>\n\n\n\n<p><strong>NB : <\/strong>Le service public se dote d&#8217;un nouveau simulateur pour simuler le prix de votre carte grise en fonction de votre r\u00e9gion.<br>Que ce soit pour une voiture neuve ou d&#8217;occasion.\u00a0<\/p>\n\n\n\n<p>Consultez ces guides pratiques : <a href=\"https:\/\/www.service-public.fr\/particuliers\/vosdroits\/R39696\" target=\"_blank\" rel=\"noreferrer noopener\">https:\/\/www.service-public.fr\/particuliers\/vosdroits\/R39696<\/a><\/p>\n\n\n\n<ul class=\"wp-block-list\"><li><a href=\"https:\/\/www.kit-embrayage.fr\/blog\/comment-faire-la-carte-grise-dune-voiture\/\" target=\"_blank\" rel=\"noreferrer noopener\">Carte grise d\u2019une voiture, comment pouvez vous la r\u00e9aliser ?<\/a><\/li><li><a href=\"https:\/\/www.changement-amortisseur.fr\/blog\/comment-lire-sa-carte-grise\/\" target=\"_blank\" rel=\"noreferrer noopener\">Comment lire et d\u00e9crypter sa carte grise ?&nbsp;<\/a><\/li><\/ul>\n\n\n\n<p>Vid\u00e9o explicative : <a href=\"https:\/\/www.youtube.com\/watch?v=cHIXQMvkg1U&amp;t=7s\" target=\"_blank\" rel=\"noreferrer noopener\">ANTS Chaine<\/a><\/p>\n\n\n\n<figure class=\"wp-block-image size-large\"><a href=\"https:\/\/immatriculation.ants.gouv.fr\/\" target=\"_blank\" rel=\"noopener noreferrer\"><img loading=\"lazy\" decoding=\"async\" width=\"721\" height=\"1024\" src=\"https:\/\/www.escorpain.fr\/wp-content\/uploads\/2020\/11\/carte-grise-1-721x1024.jpg\" alt=\"\" class=\"wp-image-4092\" srcset=\"https:\/\/www.escorpain.fr\/wp-content\/uploads\/2020\/11\/carte-grise-1-721x1024.jpg 721w, https:\/\/www.escorpain.fr\/wp-content\/uploads\/2020\/11\/carte-grise-1-211x300.jpg 211w, https:\/\/www.escorpain.fr\/wp-content\/uploads\/2020\/11\/carte-grise-1-768x1090.jpg 768w, https:\/\/www.escorpain.fr\/wp-content\/uploads\/2020\/11\/carte-grise-1.jpg 851w\" sizes=\"auto, (max-width: 721px) 100vw, 721px\" \/><\/a><\/figure>\n\n\n<h2 id=\":kk\" class=\"hP\" tabindex=\"-1\">DDFiP28 &#8211; &nbsp;Centres des finances publiques<br>\nAccueil sur rendez-vous<\/h2>\n<p>Bonjour,<\/p>\n<p>Depuis le 16 janvier 2017, un nouveau service d&#8217;accueil personnalis\u00e9 sur rendez-vous est mis en place dans les centres des finances publiques.<\/p>\n<p>Souple et pratique, l&#8217;accueil personnalis\u00e9 sur rendez-vous permet d&#8217;am\u00e9liorer la qualit\u00e9 de service en \u00e9vitant aux usagers de se d\u00e9placer lorsque cela n&#8217;est pas n\u00e9cessaire et, si cela est n\u00e9cessaire, en leur assurant d&#8217;\u00eatre re\u00e7us sans file d&#8217;attente, \u00e0 l&#8217;heure choisie, par un agent ayant pris pr\u00e9alablement connaissance de leur dossier et en \u00e9tant muni des pi\u00e8ces utiles.<\/p>\n<p>Pour b\u00e9n\u00e9ficier de cette r\u00e9ception personnalis\u00e9e, r\u00e9serv\u00e9e aux demandes les plus complexes, les usagers particuliers sont invit\u00e9s \u00e0 prendre rendez-vous&nbsp;sur le site <strong><a href=\"http:\/\/impots.gouv.fr\" data-saferedirecturl=\"https:\/\/www.google.com\/url?hl=fr&amp;q=http:\/\/impots.gouv.fr&amp;source=gmail&amp;ust=1494253320903000&amp;usg=AFQjCNE91z13buz3TAGRAQqLhilBkQWhqg\">impots.gouv.fr<\/a><\/strong> (rubrique \u00ab&nbsp;<strong>Contact<\/strong>&nbsp;\u00bb), o\u00f9 ils peuvent, \u00e0 tout moment, trouver tous les services en ligne et de nombreuses r\u00e9ponses aux questions d&#8217;ordre g\u00e9n\u00e9ral ou personnel (via leur espace Particulier ou Professionnel).<\/p>\n<p>Les usagers peuvent \u00e9galement prendre rendez-vous&nbsp;<strong>par t\u00e9l\u00e9phone au 0811-90-91-92 (pour tout le d\u00e9partement) ou au guichet<\/strong> de leur centre des finances publiques.<\/p>\n<p>Bien \u00e9videmment, d\u00e8s le premier contact \u00e0 distance, tout est mis en \u0153uvre pour que l&#8217;usager obtienne une r\u00e9ponse, si n\u00e9cessaire en rappelant l&#8217;usager.<\/p>\n<p>Afin de valoriser ce nouveau service le plus largement possible et si vous voulez bien relayer cette information, des banni\u00e8res promotionnelles sont mises \u00e0 disposition pour votre site ; elles figurent dans ce courriel.<\/p>\n<p>Vous en souhaitant bonne r\u00e9ception.<\/p>\n<p>Bien cordialement,<\/p>\n<p>Maryline DIETRICH<br>\nContr\u00f4leur principal<br>\n02 37 18 71 08<br>\nDirection D\u00e9partementale des Finances Publiques d&#8217;Eure-et-Loir<br>\nMission Communication<br>\n<a href=\"mailto:ddfip28.communication@dgfip.finances.gouv.fr\">ddfip28.mission-communication@dgfip.finances.gouv.fr<\/a><\/p>\n<p><a href=\"http:\/\/www.escorpain.fr\/?attachment_id=1104\" rel=\"attachment wp-att-1104\"><img loading=\"lazy\" decoding=\"async\" class=\"alignnone size-full wp-image-1104\" src=\"http:\/\/www.escorpain.fr\/wp-content\/uploads\/2017\/02\/accueil-finance.gif\" alt=\"\" width=\"468\" height=\"60\"><\/a><\/p>\n<hr>\n<p>Nouvelles mesures pour les demandes d\u2019\u00e9tablissement de Cartes Nationales d\u2019Identit\u00e9<\/p>\n<p>Pr\u00e9demande <a href=\"http:\/\/predemande-cni.ants.gouv.fr\" target=\"_blank\" rel=\"noopener noreferrer\">ici<\/a><\/p>\n<p><a href=\"http:\/\/www.escorpain.fr\/?attachment_id=864\" target=\"_blank\" rel=\"http:\/\/www.escorpain.fr\/?attachment_id=862 noopener noreferrer\"><img loading=\"lazy\" decoding=\"async\" class=\"wp-image-864 size-full\" src=\"http:\/\/www.escorpain.fr\/wp-content\/uploads\/2017\/02\/CNI1.jpg\" width=\"641\" height=\"884\" srcset=\"https:\/\/www.escorpain.fr\/wp-content\/uploads\/2017\/02\/CNI1.jpg 641w, https:\/\/www.escorpain.fr\/wp-content\/uploads\/2017\/02\/CNI1-218x300.jpg 218w\" sizes=\"auto, (max-width: 641px) 100vw, 641px\" \/><\/a><\/p>\n<p><a href=\"http:\/\/predemande-cni.ants.gouv.fr\" target=\"_blank\" rel=\"noopener noreferrer\">Carte d&#8217;identit\u00e9 \u00e0 la port\u00e9e de clic<\/a><a href=\"http:\/\/www.escorpain.fr\/?attachment_id=865\" target=\"_blank\" rel=\"http:\/\/www.escorpain.fr\/?attachment_id=863 noopener noreferrer\"><img loading=\"lazy\" decoding=\"async\" class=\"alignnone wp-image-865 size-full\" src=\"http:\/\/www.escorpain.fr\/wp-content\/uploads\/2017\/02\/CNI2.jpg\" width=\"634\" height=\"868\" srcset=\"https:\/\/www.escorpain.fr\/wp-content\/uploads\/2017\/02\/CNI2.jpg 634w, https:\/\/www.escorpain.fr\/wp-content\/uploads\/2017\/02\/CNI2-219x300.jpg 219w\" sizes=\"auto, (max-width: 634px) 100vw, 634px\" \/><\/a><\/p>","protected":false},"excerpt":{"rendered":"<p>La formalit\u00e9 pour l&#8217;obtention d&#8217;un certificat d&#8217;immatriculation (carte grise) s\u2019effectue \u00e0 pr\u00e9sent de mani\u00e8re totalement num\u00e9ris\u00e9e. Pour cela, il existe deux options :&nbsp; &nbsp;En passant par le site de l\u2019ANTS : https:\/\/immatriculation.ants.gouv.fr\/ Ou directement chez un professionnel de l&#8217;automobile agr\u00e9\u00e9 par la pr\u00e9fecture : Garagistes dans le d\u00e9partement de l&#8217;Eure-et-Loir (28) Afin d&#8217;\u00e9viter tout type &hellip; <a href=\"https:\/\/www.escorpain.fr\/?page_id=861\" class=\"more-link\">Continuer la lecture de <span class=\"screen-reader-text\">Administratif<\/span>  <span class=\"meta-nav\">&rarr;<\/span><\/a><\/p>\n","protected":false},"author":1,"featured_media":0,"parent":0,"menu_order":0,"comment_status":"closed","ping_status":"closed","template":"","meta":{"_exactmetrics_skip_tracking":false,"_exactmetrics_sitenote_active":false,"_exactmetrics_sitenote_note":"","_exactmetrics_sitenote_category":0,"_s2mail":"yes","footnotes":""},"class_list":["post-861","page","type-page","status-publish","hentry"],"_links":{"self":[{"href":"https:\/\/www.escorpain.fr\/index.php?rest_route=\/wp\/v2\/pages\/861","targetHints":{"allow":["GET"]}}],"collection":[{"href":"https:\/\/www.escorpain.fr\/index.php?rest_route=\/wp\/v2\/pages"}],"about":[{"href":"https:\/\/www.escorpain.fr\/index.php?rest_route=\/wp\/v2\/types\/page"}],"author":[{"embeddable":true,"href":"https:\/\/www.escorpain.fr\/index.php?rest_route=\/wp\/v2\/users\/1"}],"replies":[{"embeddable":true,"href":"https:\/\/www.escorpain.fr\/index.php?rest_route=%2Fwp%2Fv2%2Fcomments&post=861"}],"version-history":[{"count":11,"href":"https:\/\/www.escorpain.fr\/index.php?rest_route=\/wp\/v2\/pages\/861\/revisions"}],"predecessor-version":[{"id":7117,"href":"https:\/\/www.escorpain.fr\/index.php?rest_route=\/wp\/v2\/pages\/861\/revisions\/7117"}],"wp:attachment":[{"href":"https:\/\/www.escorpain.fr\/index.php?rest_route=%2Fwp%2Fv2%2Fmedia&parent=861"}],"curies":[{"name":"wp","href":"https:\/\/api.w.org\/{rel}","templated":true}]}}