{"id":8946,"date":"2024-03-26T08:18:07","date_gmt":"2024-03-26T07:18:07","guid":{"rendered":"https:\/\/www.escorpain.fr\/?page_id=8946"},"modified":"2024-03-26T08:18:09","modified_gmt":"2024-03-26T07:18:09","slug":"liste-des-deliberations-lors-de-la-seance-du-conseil-municipal-du-12-decembre-2023","status":"publish","type":"page","link":"https:\/\/www.escorpain.fr\/?page_id=8946","title":{"rendered":"Liste des d\u00e9lib\u00e9rations lors de la s\u00e9ance du Conseil Municipal du 12 d\u00e9cembre 2023"},"content":{"rendered":"\n<div data-wp-interactive=\"core\/file\" class=\"wp-block-file\"><object data-wp-bind--hidden=\"!state.hasPdfPreview\" hidden class=\"wp-block-file__embed\" data=\"https:\/\/www.escorpain.fr\/wp-content\/uploads\/2024\/03\/Liste-deliberation-et-PV-du-12-decembre-2023.pdf\" type=\"application\/pdf\" style=\"width:100%;height:600px\" aria-label=\"Contenu embarqu\u00e9 Liste-deliberation-et-PV-du-12-decembre-2023.\"><\/object><a id=\"wp-block-file--media-83647419-7002-400e-b866-336a60f663ca\" href=\"https:\/\/www.escorpain.fr\/wp-content\/uploads\/2024\/03\/Liste-deliberation-et-PV-du-12-decembre-2023.pdf\">Liste-deliberation-et-PV-du-12-decembre-2023<\/a><a href=\"https:\/\/www.escorpain.fr\/wp-content\/uploads\/2024\/03\/Liste-deliberation-et-PV-du-12-decembre-2023.pdf\" class=\"wp-block-file__button wp-element-button\" download aria-describedby=\"wp-block-file--media-83647419-7002-400e-b866-336a60f663ca\">T\u00e9l\u00e9charger<\/a><\/div>\n","protected":false},"excerpt":{"rendered":"","protected":false},"author":1,"featured_media":0,"parent":0,"menu_order":0,"comment_status":"closed","ping_status":"closed","template":"","meta":{"_exactmetrics_skip_tracking":false,"_exactmetrics_sitenote_active":false,"_exactmetrics_sitenote_note":"","_exactmetrics_sitenote_category":0,"_s2mail":"no","footnotes":""},"class_list":["post-8946","page","type-page","status-publish","hentry"],"_links":{"self":[{"href":"https:\/\/www.escorpain.fr\/index.php?rest_route=\/wp\/v2\/pages\/8946","targetHints":{"allow":["GET"]}}],"collection":[{"href":"https:\/\/www.escorpain.fr\/index.php?rest_route=\/wp\/v2\/pages"}],"about":[{"href":"https:\/\/www.escorpain.fr\/index.php?rest_route=\/wp\/v2\/types\/page"}],"author":[{"embeddable":true,"href":"https:\/\/www.escorpain.fr\/index.php?rest_route=\/wp\/v2\/users\/1"}],"replies":[{"embeddable":true,"href":"https:\/\/www.escorpain.fr\/index.php?rest_route=%2Fwp%2Fv2%2Fcomments&post=8946"}],"version-history":[{"count":1,"href":"https:\/\/www.escorpain.fr\/index.php?rest_route=\/wp\/v2\/pages\/8946\/revisions"}],"predecessor-version":[{"id":8947,"href":"https:\/\/www.escorpain.fr\/index.php?rest_route=\/wp\/v2\/pages\/8946\/revisions\/8947"}],"wp:attachment":[{"href":"https:\/\/www.escorpain.fr\/index.php?rest_route=%2Fwp%2Fv2%2Fmedia&parent=8946"}],"curies":[{"name":"wp","href":"https:\/\/api.w.org\/{rel}","templated":true}]}}