{"id":8982,"date":"2024-03-28T13:52:11","date_gmt":"2024-03-28T12:52:11","guid":{"rendered":"https:\/\/www.escorpain.fr\/?page_id=8982"},"modified":"2024-03-28T13:52:13","modified_gmt":"2024-03-28T12:52:13","slug":"liste-des-deliberations-lors-de-la-seance-du-conseil-municipal-du-21-mars-2024","status":"publish","type":"page","link":"https:\/\/www.escorpain.fr\/?page_id=8982","title":{"rendered":"Liste des d\u00e9lib\u00e9rations lors de la s\u00e9ance du Conseil Municipal du 21 mars 2024"},"content":{"rendered":"\n<figure class=\"wp-block-image size-full\"><a href=\"https:\/\/www.escorpain.fr\/wp-content\/uploads\/2024\/03\/Conseil-Municipal-du-21-mars-2024.jpg\" target=\"_blank\" rel=\"noreferrer noopener\"><img loading=\"lazy\" decoding=\"async\" width=\"816\" height=\"1014\" src=\"https:\/\/www.escorpain.fr\/wp-content\/uploads\/2024\/03\/Conseil-Municipal-du-21-mars-2024.jpg\" alt=\"\" class=\"wp-image-8985\" srcset=\"https:\/\/www.escorpain.fr\/wp-content\/uploads\/2024\/03\/Conseil-Municipal-du-21-mars-2024.jpg 816w, https:\/\/www.escorpain.fr\/wp-content\/uploads\/2024\/03\/Conseil-Municipal-du-21-mars-2024-241x300.jpg 241w, https:\/\/www.escorpain.fr\/wp-content\/uploads\/2024\/03\/Conseil-Municipal-du-21-mars-2024-768x954.jpg 768w\" sizes=\"auto, (max-width: 816px) 100vw, 816px\" \/><\/a><\/figure>\n","protected":false},"excerpt":{"rendered":"","protected":false},"author":1,"featured_media":0,"parent":0,"menu_order":0,"comment_status":"closed","ping_status":"closed","template":"","meta":{"_exactmetrics_skip_tracking":false,"_exactmetrics_sitenote_active":false,"_exactmetrics_sitenote_note":"","_exactmetrics_sitenote_category":0,"_s2mail":"yes","footnotes":""},"class_list":["post-8982","page","type-page","status-publish","hentry"],"_links":{"self":[{"href":"https:\/\/www.escorpain.fr\/index.php?rest_route=\/wp\/v2\/pages\/8982","targetHints":{"allow":["GET"]}}],"collection":[{"href":"https:\/\/www.escorpain.fr\/index.php?rest_route=\/wp\/v2\/pages"}],"about":[{"href":"https:\/\/www.escorpain.fr\/index.php?rest_route=\/wp\/v2\/types\/page"}],"author":[{"embeddable":true,"href":"https:\/\/www.escorpain.fr\/index.php?rest_route=\/wp\/v2\/users\/1"}],"replies":[{"embeddable":true,"href":"https:\/\/www.escorpain.fr\/index.php?rest_route=%2Fwp%2Fv2%2Fcomments&post=8982"}],"version-history":[{"count":1,"href":"https:\/\/www.escorpain.fr\/index.php?rest_route=\/wp\/v2\/pages\/8982\/revisions"}],"predecessor-version":[{"id":8986,"href":"https:\/\/www.escorpain.fr\/index.php?rest_route=\/wp\/v2\/pages\/8982\/revisions\/8986"}],"wp:attachment":[{"href":"https:\/\/www.escorpain.fr\/index.php?rest_route=%2Fwp%2Fv2%2Fmedia&parent=8982"}],"curies":[{"name":"wp","href":"https:\/\/api.w.org\/{rel}","templated":true}]}}