{"id":8983,"date":"2024-03-28T13:54:57","date_gmt":"2024-03-28T12:54:57","guid":{"rendered":"https:\/\/www.escorpain.fr\/?page_id=8983"},"modified":"2024-03-28T13:55:53","modified_gmt":"2024-03-28T12:55:53","slug":"liste-des-deliberations-lors-de-la-seance-du-conseil-municipal-du-23-janvier-2024","status":"publish","type":"page","link":"https:\/\/www.escorpain.fr\/?page_id=8983","title":{"rendered":"Liste des d\u00e9lib\u00e9rations lors de la s\u00e9ance du Conseil Municipal du 23 janvier 2024"},"content":{"rendered":"\n<figure class=\"wp-block-image size-large\"><a href=\"https:\/\/www.escorpain.fr\/wp-content\/uploads\/2024\/03\/Conseil-Municipal-du-23-janvier-2024.jpg\" target=\"_blank\" rel=\"noreferrer noopener\"><img loading=\"lazy\" decoding=\"async\" width=\"736\" height=\"1024\" src=\"https:\/\/www.escorpain.fr\/wp-content\/uploads\/2024\/03\/Conseil-Municipal-du-23-janvier-2024-736x1024.jpg\" alt=\"\" class=\"wp-image-8988\" srcset=\"https:\/\/www.escorpain.fr\/wp-content\/uploads\/2024\/03\/Conseil-Municipal-du-23-janvier-2024-736x1024.jpg 736w, https:\/\/www.escorpain.fr\/wp-content\/uploads\/2024\/03\/Conseil-Municipal-du-23-janvier-2024-216x300.jpg 216w, https:\/\/www.escorpain.fr\/wp-content\/uploads\/2024\/03\/Conseil-Municipal-du-23-janvier-2024-768x1068.jpg 768w, https:\/\/www.escorpain.fr\/wp-content\/uploads\/2024\/03\/Conseil-Municipal-du-23-janvier-2024.jpg 855w\" sizes=\"auto, (max-width: 736px) 100vw, 736px\" \/><\/a><\/figure>\n","protected":false},"excerpt":{"rendered":"","protected":false},"author":1,"featured_media":0,"parent":0,"menu_order":0,"comment_status":"closed","ping_status":"closed","template":"","meta":{"_exactmetrics_skip_tracking":false,"_exactmetrics_sitenote_active":false,"_exactmetrics_sitenote_note":"","_exactmetrics_sitenote_category":0,"_s2mail":"no","footnotes":""},"class_list":["post-8983","page","type-page","status-publish","hentry"],"_links":{"self":[{"href":"https:\/\/www.escorpain.fr\/index.php?rest_route=\/wp\/v2\/pages\/8983","targetHints":{"allow":["GET"]}}],"collection":[{"href":"https:\/\/www.escorpain.fr\/index.php?rest_route=\/wp\/v2\/pages"}],"about":[{"href":"https:\/\/www.escorpain.fr\/index.php?rest_route=\/wp\/v2\/types\/page"}],"author":[{"embeddable":true,"href":"https:\/\/www.escorpain.fr\/index.php?rest_route=\/wp\/v2\/users\/1"}],"replies":[{"embeddable":true,"href":"https:\/\/www.escorpain.fr\/index.php?rest_route=%2Fwp%2Fv2%2Fcomments&post=8983"}],"version-history":[{"count":3,"href":"https:\/\/www.escorpain.fr\/index.php?rest_route=\/wp\/v2\/pages\/8983\/revisions"}],"predecessor-version":[{"id":8991,"href":"https:\/\/www.escorpain.fr\/index.php?rest_route=\/wp\/v2\/pages\/8983\/revisions\/8991"}],"wp:attachment":[{"href":"https:\/\/www.escorpain.fr\/index.php?rest_route=%2Fwp%2Fv2%2Fmedia&parent=8983"}],"curies":[{"name":"wp","href":"https:\/\/api.w.org\/{rel}","templated":true}]}}