{"id":9083,"date":"2024-04-15T11:05:45","date_gmt":"2024-04-15T09:05:45","guid":{"rendered":"https:\/\/www.escorpain.fr\/?page_id=9083"},"modified":"2024-04-15T11:05:46","modified_gmt":"2024-04-15T09:05:46","slug":"liste-des-deliberations-lors-de-la-seance-du-conseil-municipal-du-11-avril-2024","status":"publish","type":"page","link":"https:\/\/www.escorpain.fr\/?page_id=9083","title":{"rendered":"Liste des d\u00e9lib\u00e9rations lors de la s\u00e9ance du Conseil Municipal du 11 avril 2024"},"content":{"rendered":"\n<div data-wp-interactive=\"core\/file\" class=\"wp-block-file\"><object data-wp-bind--hidden=\"!state.hasPdfPreview\" hidden class=\"wp-block-file__embed\" data=\"https:\/\/www.escorpain.fr\/wp-content\/uploads\/2024\/04\/Liste-des-deliberations-11-avril.pdf\" type=\"application\/pdf\" style=\"width:100%;height:600px\" aria-label=\"Contenu embarqu\u00e9 Liste des d\u00e9lib\u00e9rations 11 avril.\"><\/object><a id=\"wp-block-file--media-3f750755-78b1-48b1-a5b1-d9f5eaa1a908\" href=\"https:\/\/www.escorpain.fr\/wp-content\/uploads\/2024\/04\/Liste-des-deliberations-11-avril.pdf\">Liste des d\u00e9lib\u00e9rations 11 avril<\/a><a href=\"https:\/\/www.escorpain.fr\/wp-content\/uploads\/2024\/04\/Liste-des-deliberations-11-avril.pdf\" class=\"wp-block-file__button wp-element-button\" download aria-describedby=\"wp-block-file--media-3f750755-78b1-48b1-a5b1-d9f5eaa1a908\">T\u00e9l\u00e9charger<\/a><\/div>\n","protected":false},"excerpt":{"rendered":"","protected":false},"author":1,"featured_media":0,"parent":0,"menu_order":0,"comment_status":"closed","ping_status":"closed","template":"","meta":{"_exactmetrics_skip_tracking":false,"_exactmetrics_sitenote_active":false,"_exactmetrics_sitenote_note":"","_exactmetrics_sitenote_category":0,"_s2mail":"no","footnotes":""},"class_list":["post-9083","page","type-page","status-publish","hentry"],"_links":{"self":[{"href":"https:\/\/www.escorpain.fr\/index.php?rest_route=\/wp\/v2\/pages\/9083","targetHints":{"allow":["GET"]}}],"collection":[{"href":"https:\/\/www.escorpain.fr\/index.php?rest_route=\/wp\/v2\/pages"}],"about":[{"href":"https:\/\/www.escorpain.fr\/index.php?rest_route=\/wp\/v2\/types\/page"}],"author":[{"embeddable":true,"href":"https:\/\/www.escorpain.fr\/index.php?rest_route=\/wp\/v2\/users\/1"}],"replies":[{"embeddable":true,"href":"https:\/\/www.escorpain.fr\/index.php?rest_route=%2Fwp%2Fv2%2Fcomments&post=9083"}],"version-history":[{"count":2,"href":"https:\/\/www.escorpain.fr\/index.php?rest_route=\/wp\/v2\/pages\/9083\/revisions"}],"predecessor-version":[{"id":9089,"href":"https:\/\/www.escorpain.fr\/index.php?rest_route=\/wp\/v2\/pages\/9083\/revisions\/9089"}],"wp:attachment":[{"href":"https:\/\/www.escorpain.fr\/index.php?rest_route=%2Fwp%2Fv2%2Fmedia&parent=9083"}],"curies":[{"name":"wp","href":"https:\/\/api.w.org\/{rel}","templated":true}]}}