{"id":9317,"date":"2024-06-28T13:41:27","date_gmt":"2024-06-28T11:41:27","guid":{"rendered":"https:\/\/www.escorpain.fr\/?page_id=9317"},"modified":"2024-06-28T13:41:29","modified_gmt":"2024-06-28T11:41:29","slug":"liste-des-deliberations-lors-de-la-seance-du-conseil-municipal-du-lundi-24-06-2024","status":"publish","type":"page","link":"https:\/\/www.escorpain.fr\/?page_id=9317","title":{"rendered":"Liste des d\u00e9lib\u00e9rations lors de la s\u00e9ance du Conseil Municipal du lundi 24-06-2024"},"content":{"rendered":"\n<figure class=\"wp-block-image size-large\"><img loading=\"lazy\" decoding=\"async\" width=\"1008\" height=\"1024\" src=\"https:\/\/www.escorpain.fr\/wp-content\/uploads\/2024\/06\/Liste-des-deliberations-lundi-24-06-2024-1008x1024.png\" alt=\"\" class=\"wp-image-9318\" srcset=\"https:\/\/www.escorpain.fr\/wp-content\/uploads\/2024\/06\/Liste-des-deliberations-lundi-24-06-2024-1008x1024.png 1008w, https:\/\/www.escorpain.fr\/wp-content\/uploads\/2024\/06\/Liste-des-deliberations-lundi-24-06-2024-295x300.png 295w, https:\/\/www.escorpain.fr\/wp-content\/uploads\/2024\/06\/Liste-des-deliberations-lundi-24-06-2024-768x780.png 768w, https:\/\/www.escorpain.fr\/wp-content\/uploads\/2024\/06\/Liste-des-deliberations-lundi-24-06-2024.png 1371w\" sizes=\"auto, (max-width: 1008px) 100vw, 1008px\" \/><\/figure>\n","protected":false},"excerpt":{"rendered":"","protected":false},"author":1,"featured_media":0,"parent":0,"menu_order":0,"comment_status":"closed","ping_status":"closed","template":"","meta":{"_exactmetrics_skip_tracking":false,"_exactmetrics_sitenote_active":false,"_exactmetrics_sitenote_note":"","_exactmetrics_sitenote_category":0,"_s2mail":"no","footnotes":""},"class_list":["post-9317","page","type-page","status-publish","hentry"],"_links":{"self":[{"href":"https:\/\/www.escorpain.fr\/index.php?rest_route=\/wp\/v2\/pages\/9317","targetHints":{"allow":["GET"]}}],"collection":[{"href":"https:\/\/www.escorpain.fr\/index.php?rest_route=\/wp\/v2\/pages"}],"about":[{"href":"https:\/\/www.escorpain.fr\/index.php?rest_route=\/wp\/v2\/types\/page"}],"author":[{"embeddable":true,"href":"https:\/\/www.escorpain.fr\/index.php?rest_route=\/wp\/v2\/users\/1"}],"replies":[{"embeddable":true,"href":"https:\/\/www.escorpain.fr\/index.php?rest_route=%2Fwp%2Fv2%2Fcomments&post=9317"}],"version-history":[{"count":1,"href":"https:\/\/www.escorpain.fr\/index.php?rest_route=\/wp\/v2\/pages\/9317\/revisions"}],"predecessor-version":[{"id":9320,"href":"https:\/\/www.escorpain.fr\/index.php?rest_route=\/wp\/v2\/pages\/9317\/revisions\/9320"}],"wp:attachment":[{"href":"https:\/\/www.escorpain.fr\/index.php?rest_route=%2Fwp%2Fv2%2Fmedia&parent=9317"}],"curies":[{"name":"wp","href":"https:\/\/api.w.org\/{rel}","templated":true}]}}