{"id":9726,"date":"2024-11-08T08:02:13","date_gmt":"2024-11-08T07:02:13","guid":{"rendered":"https:\/\/www.escorpain.fr\/?page_id=9726"},"modified":"2024-11-08T08:02:14","modified_gmt":"2024-11-08T07:02:14","slug":"bulletin-dinformation-des-applications-phytopharmaceutiques","status":"publish","type":"page","link":"https:\/\/www.escorpain.fr\/?page_id=9726","title":{"rendered":"Bulletin d\u2019information des applications phytopharmaceutiques"},"content":{"rendered":"\n<p><\/p>\n\n\n<div class=\"wp-block-image\">\n<figure class=\"aligncenter size-large is-resized\"><img loading=\"lazy\" decoding=\"async\" width=\"1024\" height=\"246\" src=\"https:\/\/www.escorpain.fr\/wp-content\/uploads\/2024\/05\/Charte-dengagements-agriculture-1024x246.png\" alt=\"\" class=\"wp-image-9172\" style=\"width:624px;height:auto\" srcset=\"https:\/\/www.escorpain.fr\/wp-content\/uploads\/2024\/05\/Charte-dengagements-agriculture-1024x246.png 1024w, https:\/\/www.escorpain.fr\/wp-content\/uploads\/2024\/05\/Charte-dengagements-agriculture-300x72.png 300w, https:\/\/www.escorpain.fr\/wp-content\/uploads\/2024\/05\/Charte-dengagements-agriculture-768x184.png 768w, https:\/\/www.escorpain.fr\/wp-content\/uploads\/2024\/05\/Charte-dengagements-agriculture-1536x369.png 1536w, https:\/\/www.escorpain.fr\/wp-content\/uploads\/2024\/05\/Charte-dengagements-agriculture.png 1667w\" sizes=\"auto, (max-width: 1024px) 100vw, 1024px\" \/><\/figure>\n<\/div>\n\n\n<p class=\"has-text-align-right\">Chartres, le 29 octobre 2024<\/p>\n\n\n\n<p>Les services de la Chambre d&#8217;agriculture d&#8217;Eure-et-Loir \u00e9laborent tous les 15 jours un bulletin d\u2019information des applications phytopharmaceutiques qui permet d\u2019avoir connaissance d\u2019une p\u00e9riode de traitement ou non pour les parcelles bordant un secteur concern\u00e9 par la n\u00e9cessit\u00e9 d\u2019information pr\u00e9alable.&nbsp;<\/p>\n\n\n\n<p>Le bulletin est transmis par la Chambre d&#8217;agriculture d&#8217;Eure-et-Loir aux mairies aux fins d\u2019affichage d\u00e8s sa publication.<\/p>\n\n\n\n<p>Les riverains peuvent identifier la culture en place limitrophe gr\u00e2ce aux calendriers pr\u00e9visionnels disponibles en mairie et sur les sites internet de la Chambre d\u2019agriculture d\u2019Eure-et-Loir et des services de l\u2019Etat, permettant une reconnaissance des cultures par photographie \u00e0 tous les stades v\u00e9g\u00e9tatifs.<\/p>\n\n\n\n<p>Le bulletin d\u2019information permet de prendre connaissance d\u2019une p\u00e9riode de traitement possible pour la culture consid\u00e9r\u00e9e. Il permet le cas \u00e9ch\u00e9ant au riverain de programmer ses activit\u00e9s en ext\u00e9rieur ou de prendre contact avec l\u2019exploitant en cas de doute.&nbsp;<\/p>\n\n\n\n<p>Vous trouverez ci-dessous le bulletin d&#8217;information des applications phytopharmaceutiques.<\/p>\n\n\n<div class=\"wp-block-image\">\n<figure class=\"aligncenter size-full is-resized\"><a href=\"https:\/\/eure-et-loir.chambres-agriculture.fr\/fileadmin\/user_upload\/218_chambre_d%27agriculture_d%27eure-et-loir\/S_informer\/S_adapter_aux_transitions\/Charte_d_engagements\/28_bulletin_info_applications_CA28.pdf\" target=\"_blank\" rel=\"noreferrer noopener\"><img loading=\"lazy\" decoding=\"async\" width=\"981\" height=\"555\" src=\"https:\/\/www.escorpain.fr\/wp-content\/uploads\/2024\/10\/charte-Bulletin-dinformation-des-applications-phytopharmaceutiques.jpg\" alt=\"\" class=\"wp-image-9693\" style=\"width:625px;height:auto\" srcset=\"https:\/\/www.escorpain.fr\/wp-content\/uploads\/2024\/10\/charte-Bulletin-dinformation-des-applications-phytopharmaceutiques.jpg 981w, https:\/\/www.escorpain.fr\/wp-content\/uploads\/2024\/10\/charte-Bulletin-dinformation-des-applications-phytopharmaceutiques-300x170.jpg 300w, https:\/\/www.escorpain.fr\/wp-content\/uploads\/2024\/10\/charte-Bulletin-dinformation-des-applications-phytopharmaceutiques-768x434.jpg 768w\" sizes=\"auto, (max-width: 981px) 100vw, 981px\" \/><\/a><\/figure>\n<\/div>\n\n<div class=\"wp-block-image\">\n<figure class=\"aligncenter size-large is-resized\"><a href=\"https:\/\/eure-et-loir.chambres-agriculture.fr\/fileadmin\/user_upload\/218_chambre_d%27agriculture_d%27eure-et-loir\/S_informer\/S_adapter_aux_transitions\/Charte_d_engagements\/28_bulletin_info_applications_CA28.pdf\" target=\"_blank\" rel=\"noreferrer noopener\"><img loading=\"lazy\" decoding=\"async\" width=\"873\" height=\"1024\" src=\"https:\/\/www.escorpain.fr\/wp-content\/uploads\/2024\/10\/charte-Bulletin-dinformation-des-applications-phytopharmaceutiques31-10-14-11-873x1024.jpg\" alt=\"\" class=\"wp-image-9694\" style=\"width:620px;height:auto\" srcset=\"https:\/\/www.escorpain.fr\/wp-content\/uploads\/2024\/10\/charte-Bulletin-dinformation-des-applications-phytopharmaceutiques31-10-14-11-873x1024.jpg 873w, https:\/\/www.escorpain.fr\/wp-content\/uploads\/2024\/10\/charte-Bulletin-dinformation-des-applications-phytopharmaceutiques31-10-14-11-256x300.jpg 256w, https:\/\/www.escorpain.fr\/wp-content\/uploads\/2024\/10\/charte-Bulletin-dinformation-des-applications-phytopharmaceutiques31-10-14-11-768x901.jpg 768w, https:\/\/www.escorpain.fr\/wp-content\/uploads\/2024\/10\/charte-Bulletin-dinformation-des-applications-phytopharmaceutiques31-10-14-11.jpg 973w\" sizes=\"auto, (max-width: 873px) 100vw, 873px\" \/><\/a><\/figure>\n<\/div>\n\n<div class=\"wp-block-image\">\n<figure class=\"alignright size-full\"><a href=\"https:\/\/eure-et-loir.chambres-agriculture.fr\/fileadmin\/user_upload\/218_chambre_d%27agriculture_d%27eure-et-loir\/S_informer\/S_adapter_aux_transitions\/Charte_d_engagements\/28_bulletin_info_applications_CA28.pdf\" target=\"_blank\" rel=\"noreferrer noopener\"><img loading=\"lazy\" decoding=\"async\" width=\"179\" height=\"42\" src=\"https:\/\/www.escorpain.fr\/wp-content\/uploads\/2024\/05\/Bouton-Charte-dengagements-agriculture.png\" alt=\"\" class=\"wp-image-9174\"\/><\/a><\/figure>\n<\/div>\n\n\n<p><\/p>\n\n\n\n<p><\/p>\n\n\n<div class=\"wp-block-image\">\n<figure class=\"aligncenter size-full\"><img loading=\"lazy\" decoding=\"async\" width=\"162\" height=\"63\" src=\"https:\/\/www.escorpain.fr\/wp-content\/uploads\/2024\/05\/logo-Charte-dengagements-agriculture.png\" alt=\"\" class=\"wp-image-9176\"\/><\/figure>\n<\/div>\n\n\n<hr class=\"wp-block-separator has-alpha-channel-opacity\"\/>\n\n\n<div class=\"wp-block-image\">\n<figure class=\"aligncenter size-large\"><img loading=\"lazy\" decoding=\"async\" width=\"1024\" height=\"246\" src=\"https:\/\/www.escorpain.fr\/wp-content\/uploads\/2024\/05\/Charte-dengagements-agriculture-1024x246.png\" alt=\"\" class=\"wp-image-9172\" srcset=\"https:\/\/www.escorpain.fr\/wp-content\/uploads\/2024\/05\/Charte-dengagements-agriculture-1024x246.png 1024w, https:\/\/www.escorpain.fr\/wp-content\/uploads\/2024\/05\/Charte-dengagements-agriculture-300x72.png 300w, https:\/\/www.escorpain.fr\/wp-content\/uploads\/2024\/05\/Charte-dengagements-agriculture-768x184.png 768w, https:\/\/www.escorpain.fr\/wp-content\/uploads\/2024\/05\/Charte-dengagements-agriculture-1536x369.png 1536w, https:\/\/www.escorpain.fr\/wp-content\/uploads\/2024\/05\/Charte-dengagements-agriculture.png 1667w\" sizes=\"auto, (max-width: 1024px) 100vw, 1024px\" \/><\/figure>\n<\/div>\n\n\n<p>Chartres, le 1er octobre 2024<\/p>\n\n\n\n<p>Les services de la Chambre d&#8217;agriculture d&#8217;Eure-et-Loir \u00e9laborent tous les 15 jours un bulletin d\u2019information des applications phytopharmaceutiques qui permet d\u2019avoir connaissance d\u2019une p\u00e9riode de traitement ou non pour les parcelles bordant un secteur concern\u00e9 par la n\u00e9cessit\u00e9 d\u2019information pr\u00e9alable.&nbsp;<\/p>\n\n\n\n<p>Le bulletin est transmis par la Chambre d&#8217;agriculture d&#8217;Eure-et-Loir aux mairies aux fins d\u2019affichage d\u00e8s sa publication.<\/p>\n\n\n\n<p>Les riverains peuvent identifier la culture en place limitrophe gr\u00e2ce aux calendriers pr\u00e9visionnels disponibles en mairie et sur les sites internet de la Chambre d\u2019agriculture d\u2019Eure-et-Loir et des services de l\u2019Etat, permettant une reconnaissance des cultures par photographie \u00e0 tous les stades v\u00e9g\u00e9tatifs.<\/p>\n\n\n\n<p>Le bulletin d\u2019information permet de prendre connaissance d\u2019une p\u00e9riode de traitement possible pour la culture consid\u00e9r\u00e9e. Il permet le cas \u00e9ch\u00e9ant au riverain de programmer ses activit\u00e9s en ext\u00e9rieur ou de prendre contact avec l\u2019exploitant en cas de doute.&nbsp;<\/p>\n\n\n\n<p>Vous trouverez ci-dessous le bulletin d&#8217;information des applications phytopharmaceutiques.<\/p>\n\n\n<div class=\"wp-block-image\">\n<figure class=\"aligncenter size-large\"><a href=\"https:\/\/eure-et-loir.chambres-agriculture.fr\/fileadmin\/user_upload\/218_chambre_d%27agriculture_d%27eure-et-loir\/S_informer\/S_adapter_aux_transitions\/Charte_d_engagements\/28_bulletin_info_applications_CA28.pdf\" target=\"_blank\" rel=\"noreferrer noopener\"><img loading=\"lazy\" decoding=\"async\" width=\"602\" height=\"1024\" src=\"https:\/\/www.escorpain.fr\/wp-content\/uploads\/2024\/10\/Bulletin-dinformation-des-applications-phytopharmaceutiques-602x1024.jpg\" alt=\"\" class=\"wp-image-9667\" srcset=\"https:\/\/www.escorpain.fr\/wp-content\/uploads\/2024\/10\/Bulletin-dinformation-des-applications-phytopharmaceutiques-602x1024.jpg 602w, https:\/\/www.escorpain.fr\/wp-content\/uploads\/2024\/10\/Bulletin-dinformation-des-applications-phytopharmaceutiques-176x300.jpg 176w, https:\/\/www.escorpain.fr\/wp-content\/uploads\/2024\/10\/Bulletin-dinformation-des-applications-phytopharmaceutiques-768x1307.jpg 768w, https:\/\/www.escorpain.fr\/wp-content\/uploads\/2024\/10\/Bulletin-dinformation-des-applications-phytopharmaceutiques-903x1536.jpg 903w, https:\/\/www.escorpain.fr\/wp-content\/uploads\/2024\/10\/Bulletin-dinformation-des-applications-phytopharmaceutiques.jpg 994w\" sizes=\"auto, (max-width: 602px) 100vw, 602px\" \/><\/a><\/figure>\n<\/div>\n\n<div class=\"wp-block-image\">\n<figure class=\"alignright size-full\"><a href=\"https:\/\/eure-et-loir.chambres-agriculture.fr\/fileadmin\/user_upload\/218_chambre_d%27agriculture_d%27eure-et-loir\/S_informer\/S_adapter_aux_transitions\/Charte_d_engagements\/28_bulletin_info_applications_CA28.pdf\" target=\"_blank\" rel=\"noreferrer noopener\"><img loading=\"lazy\" decoding=\"async\" width=\"179\" height=\"42\" src=\"https:\/\/www.escorpain.fr\/wp-content\/uploads\/2024\/05\/Bouton-Charte-dengagements-agriculture.png\" alt=\"\" class=\"wp-image-9174\"\/><\/a><\/figure>\n<\/div>\n\n\n<p><\/p>\n\n\n<div class=\"wp-block-image\">\n<figure class=\"alignright size-full\"><img loading=\"lazy\" decoding=\"async\" width=\"557\" height=\"70\" src=\"https:\/\/www.escorpain.fr\/wp-content\/uploads\/2024\/05\/Titre-Charte-dengagements-agriculture.png\" alt=\"\" class=\"wp-image-9175\" srcset=\"https:\/\/www.escorpain.fr\/wp-content\/uploads\/2024\/05\/Titre-Charte-dengagements-agriculture.png 557w, https:\/\/www.escorpain.fr\/wp-content\/uploads\/2024\/05\/Titre-Charte-dengagements-agriculture-300x38.png 300w\" sizes=\"auto, (max-width: 557px) 100vw, 557px\" \/><\/figure>\n<\/div>\n\n\n<p><\/p>\n\n\n<div class=\"wp-block-image\">\n<figure class=\"alignright size-full\"><img loading=\"lazy\" decoding=\"async\" width=\"162\" height=\"63\" src=\"https:\/\/www.escorpain.fr\/wp-content\/uploads\/2024\/05\/logo-Charte-dengagements-agriculture.png\" alt=\"\" class=\"wp-image-9176\"\/><\/figure>\n<\/div>\n\n\n<p><\/p>\n\n\n\n<p><\/p>\n\n\n\n<p><\/p>\n","protected":false},"excerpt":{"rendered":"<p>Chartres, le 29 octobre 2024 Les services de la Chambre d&#8217;agriculture d&#8217;Eure-et-Loir \u00e9laborent tous les 15 jours un bulletin d\u2019information des applications phytopharmaceutiques qui permet d\u2019avoir connaissance d\u2019une p\u00e9riode de traitement ou non pour les parcelles bordant un secteur concern\u00e9 par la n\u00e9cessit\u00e9 d\u2019information pr\u00e9alable.&nbsp; Le bulletin est transmis par la Chambre d&#8217;agriculture d&#8217;Eure-et-Loir aux &hellip; <a href=\"https:\/\/www.escorpain.fr\/?page_id=9726\" class=\"more-link\">Continuer la lecture de <span class=\"screen-reader-text\">Bulletin d\u2019information des applications phytopharmaceutiques<\/span>  <span class=\"meta-nav\">&rarr;<\/span><\/a><\/p>\n","protected":false},"author":1,"featured_media":0,"parent":0,"menu_order":0,"comment_status":"closed","ping_status":"closed","template":"","meta":{"_exactmetrics_skip_tracking":false,"_exactmetrics_sitenote_active":false,"_exactmetrics_sitenote_note":"","_exactmetrics_sitenote_category":0,"_s2mail":"no","footnotes":""},"class_list":["post-9726","page","type-page","status-publish","hentry"],"_links":{"self":[{"href":"https:\/\/www.escorpain.fr\/index.php?rest_route=\/wp\/v2\/pages\/9726","targetHints":{"allow":["GET"]}}],"collection":[{"href":"https:\/\/www.escorpain.fr\/index.php?rest_route=\/wp\/v2\/pages"}],"about":[{"href":"https:\/\/www.escorpain.fr\/index.php?rest_route=\/wp\/v2\/types\/page"}],"author":[{"embeddable":true,"href":"https:\/\/www.escorpain.fr\/index.php?rest_route=\/wp\/v2\/users\/1"}],"replies":[{"embeddable":true,"href":"https:\/\/www.escorpain.fr\/index.php?rest_route=%2Fwp%2Fv2%2Fcomments&post=9726"}],"version-history":[{"count":2,"href":"https:\/\/www.escorpain.fr\/index.php?rest_route=\/wp\/v2\/pages\/9726\/revisions"}],"predecessor-version":[{"id":9729,"href":"https:\/\/www.escorpain.fr\/index.php?rest_route=\/wp\/v2\/pages\/9726\/revisions\/9729"}],"wp:attachment":[{"href":"https:\/\/www.escorpain.fr\/index.php?rest_route=%2Fwp%2Fv2%2Fmedia&parent=9726"}],"curies":[{"name":"wp","href":"https:\/\/api.w.org\/{rel}","templated":true}]}}