{"id":9980,"date":"2025-02-18T09:31:05","date_gmt":"2025-02-18T08:31:05","guid":{"rendered":"https:\/\/www.escorpain.fr\/?page_id=9980"},"modified":"2025-02-18T09:31:07","modified_gmt":"2025-02-18T08:31:07","slug":"liste-des-deliberations-lors-de-la-seance-du-conseil-municipal-du-mardi-10-decembre-2024-2","status":"publish","type":"page","link":"https:\/\/www.escorpain.fr\/?page_id=9980","title":{"rendered":"Liste des d\u00e9lib\u00e9rations lors de la s\u00e9ance du Conseil Municipal du mardi 10 d\u00e9cembre 2024"},"content":{"rendered":"<div class=\"wp-block-image\">\n<figure class=\"aligncenter size-large\"><a href=\"https:\/\/www.escorpain.fr\/wp-content\/uploads\/2025\/02\/Liste-des-deliberations-lors-de-la-seance-du-Conseil-Municipal-du-mardi-10-decembre-2024.jpg\" target=\"_blank\" rel=\" noreferrer noopener\"><img loading=\"lazy\" decoding=\"async\" width=\"698\" height=\"1024\" src=\"https:\/\/www.escorpain.fr\/wp-content\/uploads\/2025\/02\/Liste-des-deliberations-lors-de-la-seance-du-Conseil-Municipal-du-mardi-10-decembre-2024-698x1024.jpg\" alt=\"\" class=\"wp-image-9965\" srcset=\"https:\/\/www.escorpain.fr\/wp-content\/uploads\/2025\/02\/Liste-des-deliberations-lors-de-la-seance-du-Conseil-Municipal-du-mardi-10-decembre-2024-698x1024.jpg 698w, https:\/\/www.escorpain.fr\/wp-content\/uploads\/2025\/02\/Liste-des-deliberations-lors-de-la-seance-du-Conseil-Municipal-du-mardi-10-decembre-2024-204x300.jpg 204w, https:\/\/www.escorpain.fr\/wp-content\/uploads\/2025\/02\/Liste-des-deliberations-lors-de-la-seance-du-Conseil-Municipal-du-mardi-10-decembre-2024-768x1127.jpg 768w, https:\/\/www.escorpain.fr\/wp-content\/uploads\/2025\/02\/Liste-des-deliberations-lors-de-la-seance-du-Conseil-Municipal-du-mardi-10-decembre-2024.jpg 854w\" sizes=\"auto, (max-width: 698px) 100vw, 698px\" \/><\/a><\/figure>\n<\/div>","protected":false},"excerpt":{"rendered":"","protected":false},"author":1,"featured_media":0,"parent":0,"menu_order":0,"comment_status":"closed","ping_status":"closed","template":"","meta":{"_exactmetrics_skip_tracking":false,"_exactmetrics_sitenote_active":false,"_exactmetrics_sitenote_note":"","_exactmetrics_sitenote_category":0,"_s2mail":"no","footnotes":""},"class_list":["post-9980","page","type-page","status-publish","hentry"],"_links":{"self":[{"href":"https:\/\/www.escorpain.fr\/index.php?rest_route=\/wp\/v2\/pages\/9980","targetHints":{"allow":["GET"]}}],"collection":[{"href":"https:\/\/www.escorpain.fr\/index.php?rest_route=\/wp\/v2\/pages"}],"about":[{"href":"https:\/\/www.escorpain.fr\/index.php?rest_route=\/wp\/v2\/types\/page"}],"author":[{"embeddable":true,"href":"https:\/\/www.escorpain.fr\/index.php?rest_route=\/wp\/v2\/users\/1"}],"replies":[{"embeddable":true,"href":"https:\/\/www.escorpain.fr\/index.php?rest_route=%2Fwp%2Fv2%2Fcomments&post=9980"}],"version-history":[{"count":1,"href":"https:\/\/www.escorpain.fr\/index.php?rest_route=\/wp\/v2\/pages\/9980\/revisions"}],"predecessor-version":[{"id":9982,"href":"https:\/\/www.escorpain.fr\/index.php?rest_route=\/wp\/v2\/pages\/9980\/revisions\/9982"}],"wp:attachment":[{"href":"https:\/\/www.escorpain.fr\/index.php?rest_route=%2Fwp%2Fv2%2Fmedia&parent=9980"}],"curies":[{"name":"wp","href":"https:\/\/api.w.org\/{rel}","templated":true}]}}